{"id":10579,"date":"2026-04-07T19:21:13","date_gmt":"2026-04-07T19:21:13","guid":{"rendered":"https:\/\/www.sistemab.org\/?page_id=10579"},"modified":"2026-04-21T00:03:05","modified_gmt":"2026-04-21T00:03:05","slug":"precios-para-nuevas-empresas","status":"publish","type":"page","link":"https:\/\/www.sistemab.org\/en\/pricing-for-new-businesses\/","title":{"rendered":"Pricing for New Businesses"},"content":{"rendered":"<div data-elementor-type=\"wp-page\" data-elementor-id=\"10579\" class=\"elementor elementor-10579\" data-elementor-post-type=\"page\">\n\t\t\t\t<div class=\"elementor-element elementor-element-d24b14a e-flex e-con-boxed e-con e-parent\" data-id=\"d24b14a\" data-element_type=\"container\" data-e-type=\"container\" data-settings=\"{&quot;jet_parallax_layout_list&quot;:[],&quot;background_background&quot;:&quot;classic&quot;}\">\n\t\t\t\t\t<div class=\"e-con-inner\">\n\t\t<div class=\"elementor-element elementor-element-8a0b32b e-con-full e-flex e-con e-child\" data-id=\"8a0b32b\" data-element_type=\"container\" data-e-type=\"container\" data-settings=\"{&quot;jet_parallax_layout_list&quot;:[]}\">\n\t\t\t\t<div class=\"elementor-element elementor-element-679cc20 elementor-widget__width-inherit elementor-invisible elementor-widget elementor-widget-heading\" data-id=\"679cc20\" data-element_type=\"widget\" data-e-type=\"widget\" data-settings=\"{&quot;_animation&quot;:&quot;fadeInLeft&quot;}\" data-widget_type=\"heading.default\">\n\t\t\t\t<div class=\"elementor-widget-container\">\n\t\t\t\t\t<h2 class=\"elementor-heading-title elementor-size-default\">Pricing for new companies<\/h2>\t\t\t\t<\/div>\n\t\t\t\t<\/div>\n\t\t\t\t<div class=\"elementor-element elementor-element-96dbdd2 elementor-widget__width-initial elementor-invisible elementor-widget elementor-widget-text-editor\" data-id=\"96dbdd2\" data-element_type=\"widget\" data-e-type=\"widget\" data-settings=\"{&quot;_animation&quot;:&quot;fadeInUp&quot;,&quot;_animation_delay&quot;:600}\" data-widget_type=\"text-editor.default\">\n\t\t\t\t<div class=\"elementor-widget-container\">\n\t\t\t\t\t\t\t\t\t<p>If you're about to start the path to certification for the first time, this is the place to understand how your investment works.<\/p><p>The B Movement is evolving, and with the arrival of the <b>new B Lab Standards<\/b><span style=\"background-color: transparent; color: #000000; font-family: 'Helvetica Neue', sans-serif; font-size: 11pt; white-space: pre-wrap;\">\u2122<\/span>(Version 2), we are not only raising the bar on what it means to be a Certified B Company, we are also raising the bar on what it means to be a Certified B Company.<span style=\"background-color: transparent; color: #000000; font-family: 'Helvetica Neue', sans-serif; font-size: 11pt; white-space: pre-wrap;\">\u2122<\/span>, Rather, we are transforming the process to make it more robust, rigorous and up to the highest international standards.<\/p>\t\t\t\t\t\t\t\t<\/div>\n\t\t\t\t<\/div>\n\t\t\t\t<\/div>\n\t\t\t\t<div class=\"elementor-element elementor-element-f5a73a0 elementor-absolute elementor-widget elementor-widget-jet-inline-svg\" data-id=\"f5a73a0\" data-element_type=\"widget\" data-e-type=\"widget\" data-settings=\"{&quot;_position&quot;:&quot;absolute&quot;}\" data-widget_type=\"jet-inline-svg.default\">\n\t\t\t\t<div class=\"elementor-widget-container\">\n\t\t\t\t\t<div class=\"elementor-jet-inline-svg jet-elements\"><div class=\"jet-inline-svg__wrapper\"><div class=\"jet-inline-svg jet-inline-svg--custom-width\"><div class=\"jet-inline-svg__inner\"><?xml version=\"1.0\" encoding=\"UTF-8\"?>\n<svg xmlns=\"http:\/\/www.w3.org\/2000\/svg\" width=\"589\" height=\"569\" viewbox=\"0 0 589 569\" fill=\"none\">\n  <rect width=\"589\" height=\"569\" rx=\"284.5\" fill=\"#FFEAAA\"><\/rect>\n<\/svg>\n<\/div><\/div><\/div><\/div>\t\t\t\t<\/div>\n\t\t\t\t<\/div>\n\t\t\t\t\t<\/div>\n\t\t\t\t<\/div>\n\t\t<div class=\"elementor-element elementor-element-ca04edd e-flex e-con-boxed e-con e-parent\" data-id=\"ca04edd\" data-element_type=\"container\" data-e-type=\"container\" data-settings=\"{&quot;jet_parallax_layout_list&quot;:[],&quot;background_background&quot;:&quot;classic&quot;}\">\n\t\t\t\t\t<div class=\"e-con-inner\">\n\t\t<div class=\"elementor-element elementor-element-afe13d3 e-con-full e-flex elementor-invisible e-con e-child\" data-id=\"afe13d3\" data-element_type=\"container\" data-e-type=\"container\" data-settings=\"{&quot;background_background&quot;:&quot;classic&quot;,&quot;jet_parallax_layout_list&quot;:[],&quot;animation&quot;:&quot;zoomIn&quot;,&quot;animation_delay&quot;:200}\">\n\t\t\t\t<\/div>\n\t\t<div class=\"elementor-element elementor-element-912c805 e-con-full e-flex e-con e-child\" data-id=\"912c805\" data-element_type=\"container\" data-e-type=\"container\" data-settings=\"{&quot;jet_parallax_layout_list&quot;:[]}\">\n\t\t\t\t<div class=\"elementor-element elementor-element-f807856 elementor-invisible elementor-widget elementor-widget-image\" data-id=\"f807856\" data-element_type=\"widget\" data-e-type=\"widget\" data-settings=\"{&quot;_animation&quot;:&quot;fadeInLeft&quot;,&quot;_animation_delay&quot;:200}\" data-widget_type=\"image.default\">\n\t\t\t\t<div class=\"elementor-widget-container\">\n\t\t\t\t\t\t\t\t\t\t\t\t\t\t\t<img decoding=\"async\" width=\"126\" height=\"12\" src=\"https:\/\/www.sistemab.org\/wp-content\/uploads\/2024\/12\/vector-2.png\" class=\"attachment-full size-full wp-image-434\" alt=\"\" srcset=\"https:\/\/www.sistemab.org\/wp-content\/uploads\/2024\/12\/vector-2.png 126w, https:\/\/www.sistemab.org\/wp-content\/uploads\/2024\/12\/vector-2-18x2.png 18w\" sizes=\"(max-width: 126px) 100vw, 126px\" \/>\t\t\t\t\t\t\t\t\t\t\t\t\t\t\t<\/div>\n\t\t\t\t<\/div>\n\t\t\t\t<div class=\"elementor-element elementor-element-7a691dd elementor-widget__width-initial elementor-invisible elementor-widget elementor-widget-heading\" data-id=\"7a691dd\" data-element_type=\"widget\" data-e-type=\"widget\" data-settings=\"{&quot;_animation&quot;:&quot;fadeInLeft&quot;,&quot;_animation_delay&quot;:400}\" data-widget_type=\"heading.default\">\n\t\t\t\t<div class=\"elementor-widget-container\">\n\t\t\t\t\t<h2 class=\"elementor-heading-title elementor-size-default\">How does this new process work?<\/h2>\t\t\t\t<\/div>\n\t\t\t\t<\/div>\n\t\t\t\t<div class=\"elementor-element elementor-element-c7237b4 elementor-widget__width-initial elementor-invisible elementor-widget elementor-widget-text-editor\" data-id=\"c7237b4\" data-element_type=\"widget\" data-e-type=\"widget\" data-settings=\"{&quot;_animation&quot;:&quot;fadeInLeft&quot;,&quot;_animation_delay&quot;:600}\" data-widget_type=\"text-editor.default\">\n\t\t\t\t<div class=\"elementor-widget-container\">\n\t\t\t\t\t\t\t\t\t<p>Company B Certification<span style=\"background-color: transparent; color: rgb(0, 0, 0); font-family: &quot;Helvetica Neue&quot;, sans-serif; font-size: 11pt; white-space: pre-wrap;\">\u2122<\/span>&nbsp;evolves into a 5-year cycle, designed to better adapt to the transformation times of organizations. Unlike the previous model, this new path establishes progress milestones in Years 0, 3 and 5, allowing us to accompany you in a much deeper, solid and sustained improvement process over time.<\/p>\n<p>And to raise the bar of transparency even higher, verification is now in the hands of accredited external entities, totally independent of B Lab and Sistema B.<span style=\"background-color: transparent; color: rgb(0, 0, 0); font-family: &quot;Helvetica Neue&quot;, sans-serif; font-size: 11pt; white-space: pre-wrap;\">\u2122<\/span>. This change not only ensures total objectivity in the audit, but also gives your impact an extra layer of credibility and rigor in the most demanding markets.<\/p>\t\t\t\t\t\t\t\t<\/div>\n\t\t\t\t<\/div>\n\t\t\t\t<\/div>\n\t\t\t\t\t<\/div>\n\t\t\t\t<\/div>\n\t\t<div class=\"elementor-element elementor-element-9c48c85 e-flex e-con-boxed e-con e-parent\" data-id=\"9c48c85\" data-element_type=\"container\" data-e-type=\"container\" data-settings=\"{&quot;jet_parallax_layout_list&quot;:[]}\">\n\t\t\t\t\t<div class=\"e-con-inner\">\n\t\t\t\t<div class=\"elementor-element elementor-element-6b96ff4 elementor-widget-divider--view-line elementor-widget elementor-widget-divider\" data-id=\"6b96ff4\" data-element_type=\"widget\" data-e-type=\"widget\" data-widget_type=\"divider.default\">\n\t\t\t\t<div class=\"elementor-widget-container\">\n\t\t\t\t\t\t\t<div class=\"elementor-divider\">\n\t\t\t<span class=\"elementor-divider-separator\">\n\t\t\t\t\t\t<\/span>\n\t\t<\/div>\n\t\t\t\t\t\t<\/div>\n\t\t\t\t<\/div>\n\t\t\t\t\t<\/div>\n\t\t\t\t<\/div>\n\t\t<div class=\"elementor-element elementor-element-02020dd e-flex e-con-boxed e-con e-parent\" data-id=\"02020dd\" data-element_type=\"container\" data-e-type=\"container\" data-settings=\"{&quot;jet_parallax_layout_list&quot;:[]}\">\n\t\t\t\t\t<div class=\"e-con-inner\">\n\t\t\t\t<div class=\"elementor-element elementor-element-2a24b50 elementor-widget__width-inherit elementor-invisible elementor-widget elementor-widget-heading\" data-id=\"2a24b50\" data-element_type=\"widget\" data-e-type=\"widget\" data-settings=\"{&quot;_animation&quot;:&quot;fadeInLeft&quot;,&quot;_animation_delay&quot;:200}\" data-widget_type=\"heading.default\">\n\t\t\t\t<div class=\"elementor-widget-container\">\n\t\t\t\t\t<h2 class=\"elementor-heading-title elementor-size-default\">Investment Structure - Year 0<\/h2>\t\t\t\t<\/div>\n\t\t\t\t<\/div>\n\t\t\t\t<div class=\"elementor-element elementor-element-c002bf1 elementor-widget__width-initial elementor-invisible elementor-widget elementor-widget-text-editor\" data-id=\"c002bf1\" data-element_type=\"widget\" data-e-type=\"widget\" data-settings=\"{&quot;_animation&quot;:&quot;fadeInUp&quot;,&quot;_animation_delay&quot;:400}\" data-widget_type=\"text-editor.default\">\n\t\t\t\t<div class=\"elementor-widget-container\">\n\t\t\t\t\t\t\t\t\t<p>Here are the initial costs according to your billing range. In the following years, you will continue with your <i>fee <\/i>annual, and depending on your size, <i>fees <\/i>of verification equal to or less than those of the first year.<\/p>\t\t\t\t\t\t\t\t<\/div>\n\t\t\t\t<\/div>\n\t\t\t\t<div class=\"elementor-element elementor-element-b77a186 elementor-widget__width-initial elementor-widget elementor-widget-jet-dynamic-table\" data-id=\"b77a186\" data-element_type=\"widget\" data-e-type=\"widget\" data-widget_type=\"jet-dynamic-table.default\">\n\t\t\t\t<div class=\"elementor-widget-container\">\n\t\t\t\t\t<style><\/style><div class=\"jet-dynamic-table-wrapper\" style=\"max-width: 100%; overflow: auto;\"><table class=\"jet-dynamic-table\" data-table-id=\"14\" data-query-id=\"13\"><thead class=\"jet-dynamic-table__header\"><tr class=\"jet-dynamic-table__row jet-dynamic-table__row--header\" ><th class=\"jet-dynamic-table__col jet-dynamic-table__col--rango\" >Rango<\/th><th class=\"jet-dynamic-table__col jet-dynamic-table__col--rangosdefacturacinusd\" >Billing Tiers (USD)<\/th><th class=\"jet-dynamic-table__col jet-dynamic-table__col--feedeverificacinao0usd\" >Year 0 Verification Fee (USD)<\/th><th class=\"jet-dynamic-table__col jet-dynamic-table__col--feedecertificacinao0usd\" >Certification Fee Year 0 (USD)<\/th><\/tr><\/thead><tbody class=\"jet-dynamic-table__body\"><tr class=\"jet-dynamic-table__row jet-dynamic-table__row--header\" data-item-object=\"54\"><td class=\"jet-dynamic-table__col jet-dynamic-table__col--rango\" >Rank 1<\/td><td class=\"jet-dynamic-table__col jet-dynamic-table__col--rangosdefacturacinusd\" >000.000$499.999<\/td><td class=\"jet-dynamic-table__col jet-dynamic-table__col--feedeverificacinao0usd\" >900<\/td><td class=\"jet-dynamic-table__col jet-dynamic-table__col--feedecertificacinao0usd\" >800<\/td><\/tr><tr class=\"jet-dynamic-table__row jet-dynamic-table__row--header\" data-item-object=\"53\"><td class=\"jet-dynamic-table__col jet-dynamic-table__col--rango\" >Rango 2<\/td><td class=\"jet-dynamic-table__col jet-dynamic-table__col--rangosdefacturacinusd\" >US$500,000 - US$999,999<\/td><td class=\"jet-dynamic-table__col jet-dynamic-table__col--feedeverificacinao0usd\" >900<\/td><td class=\"jet-dynamic-table__col jet-dynamic-table__col--feedecertificacinao0usd\" >1.050<\/td><\/tr><tr class=\"jet-dynamic-table__row jet-dynamic-table__row--header\" data-item-object=\"52\"><td class=\"jet-dynamic-table__col jet-dynamic-table__col--rango\" >Rank 3<\/td><td class=\"jet-dynamic-table__col jet-dynamic-table__col--rangosdefacturacinusd\" >US$1 MM - US$1.999.999<\/td><td class=\"jet-dynamic-table__col jet-dynamic-table__col--feedeverificacinao0usd\" >900<\/td><td class=\"jet-dynamic-table__col jet-dynamic-table__col--feedecertificacinao0usd\" >1.250<\/td><\/tr><tr class=\"jet-dynamic-table__row jet-dynamic-table__row--header\" data-item-object=\"51\"><td class=\"jet-dynamic-table__col jet-dynamic-table__col--rango\" >Rank 4<\/td><td class=\"jet-dynamic-table__col jet-dynamic-table__col--rangosdefacturacinusd\" >US$2 MM - US$4.999.999<\/td><td class=\"jet-dynamic-table__col jet-dynamic-table__col--feedeverificacinao0usd\" >1.400<\/td><td class=\"jet-dynamic-table__col jet-dynamic-table__col--feedecertificacinao0usd\" >1.750<\/td><\/tr><tr class=\"jet-dynamic-table__row jet-dynamic-table__row--header\" data-item-object=\"50\"><td class=\"jet-dynamic-table__col jet-dynamic-table__col--rango\" >Rank 5<\/td><td class=\"jet-dynamic-table__col jet-dynamic-table__col--rangosdefacturacinusd\" >US$5MM - US$7,499,999<\/td><td class=\"jet-dynamic-table__col jet-dynamic-table__col--feedeverificacinao0usd\" >1.400<\/td><td class=\"jet-dynamic-table__col jet-dynamic-table__col--feedecertificacinao0usd\" >2.900<\/td><\/tr><tr class=\"jet-dynamic-table__row jet-dynamic-table__row--header\" data-item-object=\"49\"><td class=\"jet-dynamic-table__col jet-dynamic-table__col--rango\" >Rank 6<\/td><td class=\"jet-dynamic-table__col jet-dynamic-table__col--rangosdefacturacinusd\" >US$7.5MM - US$9,999,999<\/td><td class=\"jet-dynamic-table__col jet-dynamic-table__col--feedeverificacinao0usd\" >1.400<\/td><td class=\"jet-dynamic-table__col jet-dynamic-table__col--feedecertificacinao0usd\" >3.450<\/td><\/tr><tr class=\"jet-dynamic-table__row jet-dynamic-table__row--header\" data-item-object=\"48\"><td class=\"jet-dynamic-table__col jet-dynamic-table__col--rango\" >Rank 7<\/td><td class=\"jet-dynamic-table__col jet-dynamic-table__col--rangosdefacturacinusd\" >US$10MM - US$14,999,999<\/td><td class=\"jet-dynamic-table__col jet-dynamic-table__col--feedeverificacinao0usd\" >3.450<\/td><td class=\"jet-dynamic-table__col jet-dynamic-table__col--feedecertificacinao0usd\" >3.900<\/td><\/tr><tr class=\"jet-dynamic-table__row jet-dynamic-table__row--header\" data-item-object=\"47\"><td class=\"jet-dynamic-table__col jet-dynamic-table__col--rango\" >Rank 8<\/td><td class=\"jet-dynamic-table__col jet-dynamic-table__col--rangosdefacturacinusd\" >US$15MM - US$19,999,999<\/td><td class=\"jet-dynamic-table__col jet-dynamic-table__col--feedeverificacinao0usd\" >3.450<\/td><td class=\"jet-dynamic-table__col jet-dynamic-table__col--feedecertificacinao0usd\" >6.750<\/td><\/tr><tr class=\"jet-dynamic-table__row jet-dynamic-table__row--header\" data-item-object=\"46\"><td class=\"jet-dynamic-table__col jet-dynamic-table__col--rango\" >Rank 9<\/td><td class=\"jet-dynamic-table__col jet-dynamic-table__col--rangosdefacturacinusd\" >US$20MM - US$29,999,999<\/td><td class=\"jet-dynamic-table__col jet-dynamic-table__col--feedeverificacinao0usd\" >3.450<\/td><td class=\"jet-dynamic-table__col jet-dynamic-table__col--feedecertificacinao0usd\" >9.450<\/td><\/tr><tr class=\"jet-dynamic-table__row jet-dynamic-table__row--header\" data-item-object=\"45\"><td class=\"jet-dynamic-table__col jet-dynamic-table__col--rango\" >Rank 10<\/td><td class=\"jet-dynamic-table__col jet-dynamic-table__col--rangosdefacturacinusd\" >US$30MM - US$49,999,999<\/td><td class=\"jet-dynamic-table__col jet-dynamic-table__col--feedeverificacinao0usd\" >3.450<\/td><td class=\"jet-dynamic-table__col jet-dynamic-table__col--feedecertificacinao0usd\" >11.950<\/td><\/tr><tr class=\"jet-dynamic-table__row jet-dynamic-table__row--header\" data-item-object=\"44\"><td class=\"jet-dynamic-table__col jet-dynamic-table__col--rango\" >Rank 11<\/td><td class=\"jet-dynamic-table__col jet-dynamic-table__col--rangosdefacturacinusd\" >US$50MM - US$74.999.999<\/td><td class=\"jet-dynamic-table__col jet-dynamic-table__col--feedeverificacinao0usd\" >3.450<\/td><td class=\"jet-dynamic-table__col jet-dynamic-table__col--feedecertificacinao0usd\" >17.150<\/td><\/tr><tr class=\"jet-dynamic-table__row jet-dynamic-table__row--header\" data-item-object=\"43\"><td class=\"jet-dynamic-table__col jet-dynamic-table__col--rango\" >Rank 12<\/td><td class=\"jet-dynamic-table__col jet-dynamic-table__col--rangosdefacturacinusd\" >US$75MM - US$99.999.999<\/td><td class=\"jet-dynamic-table__col jet-dynamic-table__col--feedeverificacinao0usd\" >8.150<\/td><td class=\"jet-dynamic-table__col jet-dynamic-table__col--feedecertificacinao0usd\" >21.200<\/td><\/tr><tr class=\"jet-dynamic-table__row jet-dynamic-table__row--header\" data-item-object=\"42\"><td class=\"jet-dynamic-table__col jet-dynamic-table__col--rango\" >Rating 13<\/td><td class=\"jet-dynamic-table__col jet-dynamic-table__col--rangosdefacturacinusd\" >US$100MM - US$174.999.999<\/td><td class=\"jet-dynamic-table__col jet-dynamic-table__col--feedeverificacinao0usd\" >8.150<\/td><td class=\"jet-dynamic-table__col jet-dynamic-table__col--feedecertificacinao0usd\" >26.600<\/td><\/tr><tr class=\"jet-dynamic-table__row jet-dynamic-table__row--header\" data-item-object=\"41\"><td class=\"jet-dynamic-table__col jet-dynamic-table__col--rango\" >Rank 14<\/td><td class=\"jet-dynamic-table__col jet-dynamic-table__col--rangosdefacturacinusd\" >US$175MM - US$349.999.999<\/td><td class=\"jet-dynamic-table__col jet-dynamic-table__col--feedeverificacinao0usd\" >8.150<\/td><td class=\"jet-dynamic-table__col jet-dynamic-table__col--feedecertificacinao0usd\" >31.600<\/td><\/tr><tr class=\"jet-dynamic-table__row jet-dynamic-table__row--header\" data-item-object=\"40\"><td class=\"jet-dynamic-table__col jet-dynamic-table__col--rango\" >Rank 15<\/td><td class=\"jet-dynamic-table__col jet-dynamic-table__col--rangosdefacturacinusd\" >US$350MM - US$499,999,999<\/td><td class=\"jet-dynamic-table__col jet-dynamic-table__col--feedeverificacinao0usd\" >10.350<\/td><td class=\"jet-dynamic-table__col jet-dynamic-table__col--feedecertificacinao0usd\" >34.450<\/td><\/tr><tr class=\"jet-dynamic-table__row jet-dynamic-table__row--header\" data-item-object=\"39\"><td class=\"jet-dynamic-table__col jet-dynamic-table__col--rango\" >Rank 16<\/td><td class=\"jet-dynamic-table__col jet-dynamic-table__col--rangosdefacturacinusd\" >US$500MM - US$749,999,999<\/td><td class=\"jet-dynamic-table__col jet-dynamic-table__col--feedeverificacinao0usd\" >10.350<\/td><td class=\"jet-dynamic-table__col jet-dynamic-table__col--feedecertificacinao0usd\" >39.850<\/td><\/tr><tr class=\"jet-dynamic-table__row jet-dynamic-table__row--header\" data-item-object=\"38\"><td class=\"jet-dynamic-table__col jet-dynamic-table__col--rango\" >Rank 17<\/td><td class=\"jet-dynamic-table__col jet-dynamic-table__col--rangosdefacturacinusd\" >US$750MM - US$999.999.999<\/td><td class=\"jet-dynamic-table__col jet-dynamic-table__col--feedeverificacinao0usd\" >10.350<\/td><td class=\"jet-dynamic-table__col jet-dynamic-table__col--feedecertificacinao0usd\" >44.850<\/td><\/tr><\/tbody><\/table><\/div>\t\t\t\t<\/div>\n\t\t\t\t<\/div>\n\t\t\t\t<div class=\"elementor-element elementor-element-a7de3da elementor-widget__width-inherit elementor-invisible elementor-widget elementor-widget-text-editor\" data-id=\"a7de3da\" data-element_type=\"widget\" data-e-type=\"widget\" data-settings=\"{&quot;_animation&quot;:&quot;fadeInUp&quot;}\" data-widget_type=\"text-editor.default\">\n\t\t\t\t<div class=\"elementor-widget-container\">\n\t\t\t\t\t\t\t\t\t<p>Companies with multiple locations may require in-person audits in some cases. These costs will be quoted directly by the auditing entity.<\/p>\t\t\t\t\t\t\t\t<\/div>\n\t\t\t\t<\/div>\n\t\t\t\t<div class=\"elementor-element elementor-element-b13ffaf elementor-widget__width-inherit elementor-invisible elementor-widget elementor-widget-text-editor\" data-id=\"b13ffaf\" data-element_type=\"widget\" data-e-type=\"widget\" data-settings=\"{&quot;_animation&quot;:&quot;fadeInUp&quot;}\" data-widget_type=\"text-editor.default\">\n\t\t\t\t<div class=\"elementor-widget-container\">\n\t\t\t\t\t\t\t\t\t<p>Companies billing more than US$1Bn annually must <strong><span style=\"text-decoration: underline;\"><a href=\"https:\/\/www.sistemab.org\/en\/contact\/\" target=\"_blank\" rel=\"noopener\">Contact us directly<\/a><\/span><\/strong><\/p>\t\t\t\t\t\t\t\t<\/div>\n\t\t\t\t<\/div>\n\t\t\t\t\t<\/div>\n\t\t\t\t<\/div>\n\t\t\t\t<\/div>","protected":false},"excerpt":{"rendered":"<p>Precios para nuevas empresas Si est\u00e1s por iniciar el camino hacia la certificaci\u00f3n por primera vez, este es el lugar para entender c\u00f3mo funciona tu inversi\u00f3n. El Movimiento B est\u00e1 evolucionando y, con la llegada de los nuevos Est\u00e1ndares de B Lab&#x2122;(Versi\u00f3n 2), no s\u00f3lo estamos elevando la vara de lo que significa ser una [&hellip;]<\/p>\n","protected":false},"author":1,"featured_media":0,"parent":0,"menu_order":0,"comment_status":"closed","ping_status":"closed","template":"","meta":{"footnotes":""},"class_list":["post-10579","page","type-page","status-publish","hentry"],"_links":{"self":[{"href":"https:\/\/www.sistemab.org\/en\/wp-json\/wp\/v2\/pages\/10579","targetHints":{"allow":["GET"]}}],"collection":[{"href":"https:\/\/www.sistemab.org\/en\/wp-json\/wp\/v2\/pages"}],"about":[{"href":"https:\/\/www.sistemab.org\/en\/wp-json\/wp\/v2\/types\/page"}],"author":[{"embeddable":true,"href":"https:\/\/www.sistemab.org\/en\/wp-json\/wp\/v2\/users\/1"}],"replies":[{"embeddable":true,"href":"https:\/\/www.sistemab.org\/en\/wp-json\/wp\/v2\/comments?post=10579"}],"version-history":[{"count":100,"href":"https:\/\/www.sistemab.org\/en\/wp-json\/wp\/v2\/pages\/10579\/revisions"}],"predecessor-version":[{"id":11605,"href":"https:\/\/www.sistemab.org\/en\/wp-json\/wp\/v2\/pages\/10579\/revisions\/11605"}],"wp:attachment":[{"href":"https:\/\/www.sistemab.org\/en\/wp-json\/wp\/v2\/media?parent=10579"}],"curies":[{"name":"wp","href":"https:\/\/api.w.org\/{rel}","templated":true}]}}