{"id":1257,"date":"2025-01-22T00:59:35","date_gmt":"2025-01-22T00:59:35","guid":{"rendered":"https:\/\/sistemab.girolabs.tech\/?page_id=1257"},"modified":"2025-05-09T16:52:23","modified_gmt":"2025-05-09T16:52:23","slug":"presencia-en-america-latina-y-caribe","status":"publish","type":"page","link":"https:\/\/www.sistemab.org\/en\/presence-in-latin-america-and-the-caribbean\/","title":{"rendered":"Presence in Latin America and the Caribbean"},"content":{"rendered":"<div data-elementor-type=\"wp-page\" data-elementor-id=\"1257\" class=\"elementor elementor-1257\" data-elementor-post-type=\"page\">\n\t\t\t\t<div class=\"elementor-element elementor-element-2e6ee4a e-flex e-con-boxed e-con e-parent\" data-id=\"2e6ee4a\" data-element_type=\"container\" data-e-type=\"container\" data-settings=\"{&quot;background_background&quot;:&quot;classic&quot;,&quot;jet_parallax_layout_list&quot;:[]}\">\n\t\t\t\t\t<div class=\"e-con-inner\">\n\t\t\t\t<div class=\"elementor-element elementor-element-3f65bbf elementor-widget__width-initial elementor-invisible elementor-widget elementor-widget-heading\" data-id=\"3f65bbf\" data-element_type=\"widget\" data-e-type=\"widget\" data-settings=\"{&quot;_animation&quot;:&quot;fadeInRight&quot;,&quot;_animation_delay&quot;:200}\" data-widget_type=\"heading.default\">\n\t\t\t\t<div class=\"elementor-widget-container\">\n\t\t\t\t\t<h2 class=\"elementor-heading-title elementor-size-default\">Presence in Latin America and the Caribbean<\/h2>\t\t\t\t<\/div>\n\t\t\t\t<\/div>\n\t\t\t\t\t<\/div>\n\t\t\t\t<\/div>\n\t\t<div class=\"elementor-element elementor-element-2beed69 e-flex e-con-boxed e-con e-parent\" data-id=\"2beed69\" data-element_type=\"container\" data-e-type=\"container\" data-settings=\"{&quot;jet_parallax_layout_list&quot;:[]}\">\n\t\t\t\t\t<div class=\"e-con-inner\">\n\t\t<div class=\"elementor-element elementor-element-d72d539 e-con-full e-flex e-con e-child\" data-id=\"d72d539\" data-element_type=\"container\" data-e-type=\"container\" data-settings=\"{&quot;jet_parallax_layout_list&quot;:[]}\">\n\t\t\t\t<div class=\"elementor-element elementor-element-afe3b4a elementor-invisible elementor-widget elementor-widget-image\" data-id=\"afe3b4a\" data-element_type=\"widget\" data-e-type=\"widget\" data-settings=\"{&quot;_animation&quot;:&quot;fadeInLeft&quot;,&quot;_animation_delay&quot;:200}\" data-widget_type=\"image.default\">\n\t\t\t\t<div class=\"elementor-widget-container\">\n\t\t\t\t\t\t\t\t\t\t\t\t\t\t\t<img decoding=\"async\" width=\"126\" height=\"12\" src=\"https:\/\/www.sistemab.org\/wp-content\/uploads\/2024\/12\/vector-2.png\" class=\"attachment-full size-full wp-image-434\" alt=\"\" srcset=\"https:\/\/www.sistemab.org\/wp-content\/uploads\/2024\/12\/vector-2.png 126w, https:\/\/www.sistemab.org\/wp-content\/uploads\/2024\/12\/vector-2-18x2.png 18w\" sizes=\"(max-width: 126px) 100vw, 126px\" \/>\t\t\t\t\t\t\t\t\t\t\t\t\t\t\t<\/div>\n\t\t\t\t<\/div>\n\t\t\t\t<div class=\"elementor-element elementor-element-92a3cfd elementor-invisible elementor-widget elementor-widget-text-editor\" data-id=\"92a3cfd\" data-element_type=\"widget\" data-e-type=\"widget\" data-settings=\"{&quot;_animation&quot;:&quot;fadeInLeft&quot;,&quot;_animation_delay&quot;:600}\" data-widget_type=\"text-editor.default\">\n\t\t\t\t<div class=\"elementor-widget-container\">\n\t\t\t\t\t\t\t\t\t<p><strong>Sistema B is present in 18 countries in the region:<\/strong> Argentina, Brazil, Chile, Colombia, Ecuador, Mexico, Paraguay, Peru, and Uruguay, and in Central America and the Caribbean (Belize, Costa Rica, Dominican Republic, El Salvador, Guatemala, Honduras, Nicaragua, Panama, and Panama).<\/p><p><strong>Our presence in Bolivia and Venezuela is through the local communities that promote the B Movement in their countries.<\/strong><\/p>\t\t\t\t\t\t\t\t<\/div>\n\t\t\t\t<\/div>\n\t\t\t\t<\/div>\n\t\t<div class=\"elementor-element elementor-element-98d343b e-con-full elementor-hidden-mobile e-flex elementor-invisible e-con e-child\" data-id=\"98d343b\" data-element_type=\"container\" data-e-type=\"container\" data-settings=\"{&quot;background_background&quot;:&quot;classic&quot;,&quot;jet_parallax_layout_list&quot;:[],&quot;animation&quot;:&quot;fadeInRight&quot;}\">\n\t\t\t\t<div class=\"elementor-element elementor-element-b762a09 elementor-cta--skin-cover elementor-widget__width-initial elementor-hidden-mobile elementor-animated-content elementor-bg-transform elementor-bg-transform-zoom-in elementor-widget elementor-widget-call-to-action\" data-id=\"b762a09\" data-element_type=\"widget\" data-e-type=\"widget\" data-settings=\"{&quot;_animation&quot;:&quot;none&quot;}\" data-widget_type=\"call-to-action.default\">\n\t\t\t\t<div class=\"elementor-widget-container\">\n\t\t\t\t\t\t\t<div class=\"elementor-cta\">\n\t\t\t\t\t<div class=\"elementor-cta__bg-wrapper\">\n\t\t\t\t<div class=\"elementor-cta__bg elementor-bg\" style=\"background-image: url(https:\/\/www.sistemab.org\/wp-content\/uploads\/2025\/01\/movimientob-paises.jpg);\" role=\"img\" aria-label=\"movementb-countries\"><\/div>\n\t\t\t\t<div class=\"elementor-cta__bg-overlay\"><\/div>\n\t\t\t<\/div>\n\t\t\t\t\t\t\t<div class=\"elementor-cta__content\">\n\t\t\t\t\n\t\t\t\t\t\t\t\t\t<h2 class=\"elementor-cta__title elementor-cta__content-item elementor-content-item elementor-animated-item--enter-from-right\">\n\t\t\t\t\t\ti\t\t\t\t\t<\/h2>\n\t\t\t\t\n\t\t\t\t\n\t\t\t\t\t\t\t<\/div>\n\t\t\t\t\t\t<\/div>\n\t\t\t\t\t\t<\/div>\n\t\t\t\t<\/div>\n\t\t\t\t<div class=\"elementor-element elementor-element-0d582a7 elementor-absolute elementor-widget elementor-widget-image\" data-id=\"0d582a7\" data-element_type=\"widget\" data-e-type=\"widget\" data-settings=\"{&quot;_position&quot;:&quot;absolute&quot;}\" data-widget_type=\"image.default\">\n\t\t\t\t<div class=\"elementor-widget-container\">\n\t\t\t\t\t\t\t\t\t\t\t\t\t\t\t<img decoding=\"async\" width=\"693\" height=\"13\" src=\"https:\/\/www.sistemab.org\/wp-content\/uploads\/2025\/01\/linea-amarilla.svg\" class=\"attachment-large size-large wp-image-1444\" alt=\"\" \/>\t\t\t\t\t\t\t\t\t\t\t\t\t\t\t<\/div>\n\t\t\t\t<\/div>\n\t\t\t\t<\/div>\n\t\t\t\t\t<\/div>\n\t\t\t\t<\/div>\n\t\t<div class=\"elementor-element elementor-element-f84b847 e-flex e-con-boxed e-con e-parent\" data-id=\"f84b847\" data-element_type=\"container\" data-e-type=\"container\" data-settings=\"{&quot;jet_parallax_layout_list&quot;:[]}\">\n\t\t\t\t\t<div class=\"e-con-inner\">\n\t\t<div class=\"elementor-element elementor-element-03acd42 e-con-full e-flex e-con e-child\" data-id=\"03acd42\" data-element_type=\"container\" data-e-type=\"container\" data-settings=\"{&quot;jet_parallax_layout_list&quot;:[]}\">\n\t\t\t\t<\/div>\n\t\t<div class=\"elementor-element elementor-element-b41efa3 e-con-full e-flex e-con e-child\" data-id=\"b41efa3\" data-element_type=\"container\" data-e-type=\"container\" data-settings=\"{&quot;jet_parallax_layout_list&quot;:[]}\">\n\t\t\t\t<div class=\"elementor-element elementor-element-f7516d7 elementor-widget__width-inherit elementor-invisible elementor-widget elementor-widget-heading\" data-id=\"f7516d7\" data-element_type=\"widget\" data-e-type=\"widget\" data-settings=\"{&quot;_animation&quot;:&quot;fadeInLeft&quot;,&quot;_animation_delay&quot;:200}\" data-widget_type=\"heading.default\">\n\t\t\t\t<div class=\"elementor-widget-container\">\n\t\t\t\t\t<h2 class=\"elementor-heading-title elementor-size-default\">Movement B in <span style=\"color:#FFC20E\">Latin America and Caribbean<\/span><\/h2>\t\t\t\t<\/div>\n\t\t\t\t<\/div>\n\t\t\t\t<\/div>\n\t\t\t\t<div class=\"elementor-element elementor-element-3ea0ac0 elementor-absolute elementor-widget elementor-widget-image\" data-id=\"3ea0ac0\" data-element_type=\"widget\" data-e-type=\"widget\" data-settings=\"{&quot;_position&quot;:&quot;absolute&quot;}\" data-widget_type=\"image.default\">\n\t\t\t\t<div class=\"elementor-widget-container\">\n\t\t\t\t\t\t\t\t\t\t\t\t\t\t\t<img fetchpriority=\"high\" decoding=\"async\" width=\"800\" height=\"800\" src=\"https:\/\/www.sistemab.org\/wp-content\/uploads\/2025\/01\/circulo-1024x1024.png\" class=\"attachment-large size-large wp-image-1449\" alt=\"\" srcset=\"https:\/\/www.sistemab.org\/wp-content\/uploads\/2025\/01\/circulo-1024x1024.png 1024w, https:\/\/www.sistemab.org\/wp-content\/uploads\/2025\/01\/circulo-300x300.png 300w, https:\/\/www.sistemab.org\/wp-content\/uploads\/2025\/01\/circulo-150x150.png 150w, https:\/\/www.sistemab.org\/wp-content\/uploads\/2025\/01\/circulo-768x768.png 768w, https:\/\/www.sistemab.org\/wp-content\/uploads\/2025\/01\/circulo-1536x1536.png 1536w, https:\/\/www.sistemab.org\/wp-content\/uploads\/2025\/01\/circulo-12x12.png 12w, https:\/\/www.sistemab.org\/wp-content\/uploads\/2025\/01\/circulo.png 1824w\" sizes=\"(max-width: 800px) 100vw, 800px\" \/>\t\t\t\t\t\t\t\t\t\t\t\t\t\t\t<\/div>\n\t\t\t\t<\/div>\n\t\t\t\t\t<\/div>\n\t\t\t\t<\/div>\n\t\t\t\t<\/div>","protected":false},"excerpt":{"rendered":"<p>Presencia en Am\u00e9rica Latina y Caribe Sistema B est\u00e1 presente en 18 pa\u00edses de la regi\u00f3n: Argentina, Brasil, Chile, Colombia, Ecuador, M\u00e9xico, Paraguay, Per\u00fa, y Uruguay y en Am\u00e9rica Central y Caribe (Belice, Costa Rica, El Salvador, Guatemala, Honduras, Nicaragua, Panam\u00e1 y Rep\u00fablica Dominicana). Nuestra presencia en Bolivia y Venezuela se da a trav\u00e9s de [&hellip;]<\/p>\n","protected":false},"author":1,"featured_media":0,"parent":0,"menu_order":0,"comment_status":"closed","ping_status":"closed","template":"","meta":{"footnotes":""},"class_list":["post-1257","page","type-page","status-publish","hentry"],"_links":{"self":[{"href":"https:\/\/www.sistemab.org\/en\/wp-json\/wp\/v2\/pages\/1257","targetHints":{"allow":["GET"]}}],"collection":[{"href":"https:\/\/www.sistemab.org\/en\/wp-json\/wp\/v2\/pages"}],"about":[{"href":"https:\/\/www.sistemab.org\/en\/wp-json\/wp\/v2\/types\/page"}],"author":[{"embeddable":true,"href":"https:\/\/www.sistemab.org\/en\/wp-json\/wp\/v2\/users\/1"}],"replies":[{"embeddable":true,"href":"https:\/\/www.sistemab.org\/en\/wp-json\/wp\/v2\/comments?post=1257"}],"version-history":[{"count":1,"href":"https:\/\/www.sistemab.org\/en\/wp-json\/wp\/v2\/pages\/1257\/revisions"}],"predecessor-version":[{"id":8923,"href":"https:\/\/www.sistemab.org\/en\/wp-json\/wp\/v2\/pages\/1257\/revisions\/8923"}],"wp:attachment":[{"href":"https:\/\/www.sistemab.org\/en\/wp-json\/wp\/v2\/media?parent=1257"}],"curies":[{"name":"wp","href":"https:\/\/api.w.org\/{rel}","templated":true}]}}