{"id":2292,"date":"2025-01-29T16:51:17","date_gmt":"2025-01-29T16:51:17","guid":{"rendered":"https:\/\/sistemab.girolabs.tech\/?page_id=2292"},"modified":"2026-01-27T19:53:54","modified_gmt":"2026-01-27T19:53:54","slug":"requisitos-para-ser-empresa-b","status":"publish","type":"page","link":"https:\/\/www.sistemab.org\/en\/requirements-to-become-a-b-company\/","title":{"rendered":"Certification requirements"},"content":{"rendered":"\t\t<div data-elementor-type=\"wp-page\" data-elementor-id=\"2292\" class=\"elementor elementor-2292\" data-elementor-post-type=\"page\">\n\t\t\t\t<div class=\"elementor-element elementor-element-addef9c e-flex e-con-boxed e-con e-parent\" data-id=\"addef9c\" data-element_type=\"container\" data-e-type=\"container\" data-settings=\"{&quot;background_background&quot;:&quot;classic&quot;,&quot;jet_parallax_layout_list&quot;:[]}\">\n\t\t\t\t\t<div class=\"e-con-inner\">\n\t\t\t\t<div class=\"elementor-element elementor-element-4e4af68 elementor-widget__width-initial elementor-invisible elementor-widget elementor-widget-heading\" data-id=\"4e4af68\" data-element_type=\"widget\" data-e-type=\"widget\" data-settings=\"{&quot;_animation&quot;:&quot;fadeInRight&quot;,&quot;_animation_delay&quot;:200,&quot;_animation_mobile&quot;:&quot;fadeInLeft&quot;}\" data-widget_type=\"heading.default\">\n\t\t\t\t<div class=\"elementor-widget-container\">\n\t\t\t\t\t<h2 class=\"elementor-heading-title elementor-size-default\">Requisitos para la Certificaci\u00f3n de Empresa B<\/h2>\t\t\t\t<\/div>\n\t\t\t\t<\/div>\n\t\t\t\t\t<\/div>\n\t\t\t\t<\/div>\n\t\t<div class=\"elementor-element elementor-element-cd2acb5 e-flex e-con-boxed e-con e-parent\" data-id=\"cd2acb5\" data-element_type=\"container\" data-e-type=\"container\" data-settings=\"{&quot;jet_parallax_layout_list&quot;:[]}\">\n\t\t\t\t\t<div class=\"e-con-inner\">\n\t\t<div class=\"elementor-element elementor-element-c63059e e-grid e-con-full e-con e-child\" data-id=\"c63059e\" data-element_type=\"container\" data-e-type=\"container\" data-settings=\"{&quot;jet_parallax_layout_list&quot;:[]}\">\n\t\t<div class=\"elementor-element elementor-element-9409b00 e-con-full e-flex e-con e-child\" data-id=\"9409b00\" data-element_type=\"container\" data-e-type=\"container\" data-settings=\"{&quot;jet_parallax_layout_list&quot;:[]}\">\n\t\t\t\t<div class=\"elementor-element elementor-element-198fd06 elementor-invisible elementor-widget elementor-widget-image\" data-id=\"198fd06\" data-element_type=\"widget\" data-e-type=\"widget\" data-settings=\"{&quot;_animation&quot;:&quot;fadeInLeft&quot;,&quot;_animation_delay&quot;:200}\" data-widget_type=\"image.default\">\n\t\t\t\t<div class=\"elementor-widget-container\">\n\t\t\t\t\t\t\t\t\t\t\t\t\t\t\t<img decoding=\"async\" width=\"126\" height=\"12\" src=\"https:\/\/www.sistemab.org\/wp-content\/uploads\/2024\/12\/vector-2.png\" class=\"attachment-full size-full wp-image-434\" alt=\"\" srcset=\"https:\/\/www.sistemab.org\/wp-content\/uploads\/2024\/12\/vector-2.png 126w, https:\/\/www.sistemab.org\/wp-content\/uploads\/2024\/12\/vector-2-18x2.png 18w\" sizes=\"(max-width: 126px) 100vw, 126px\" \/>\t\t\t\t\t\t\t\t\t\t\t\t\t\t\t<\/div>\n\t\t\t\t<\/div>\n\t\t\t\t<div class=\"elementor-element elementor-element-67c105e elementor-widget__width-inherit elementor-invisible elementor-widget elementor-widget-heading\" data-id=\"67c105e\" data-element_type=\"widget\" data-e-type=\"widget\" data-settings=\"{&quot;_animation&quot;:&quot;fadeInLeft&quot;}\" data-widget_type=\"heading.default\">\n\t\t\t\t<div class=\"elementor-widget-container\">\n\t\t\t\t\t<h2 class=\"elementor-heading-title elementor-size-default\">Para certificar como Empresa B, se debe:\n<\/h2>\t\t\t\t<\/div>\n\t\t\t\t<\/div>\n\t\t<div class=\"elementor-element elementor-element-660f170 e-grid e-con-full e-con e-child\" data-id=\"660f170\" data-element_type=\"container\" data-e-type=\"container\" data-settings=\"{&quot;jet_parallax_layout_list&quot;:[]}\">\n\t\t<div class=\"elementor-element elementor-element-3e83952 e-grid e-con-full e-con e-child\" data-id=\"3e83952\" data-element_type=\"container\" data-e-type=\"container\" data-settings=\"{&quot;jet_parallax_layout_list&quot;:[]}\">\n\t\t<div class=\"elementor-element elementor-element-b1d78d7 e-con-full e-flex e-con e-child\" data-id=\"b1d78d7\" data-element_type=\"container\" data-e-type=\"container\" data-settings=\"{&quot;background_background&quot;:&quot;classic&quot;,&quot;jet_parallax_layout_list&quot;:[]}\">\n\t\t\t\t<div class=\"elementor-element elementor-element-690d0c8 elementor-widget elementor-widget-heading\" data-id=\"690d0c8\" data-element_type=\"widget\" data-e-type=\"widget\" data-widget_type=\"heading.default\">\n\t\t\t\t<div class=\"elementor-widget-container\">\n\t\t\t\t\t<h2 class=\"elementor-heading-title elementor-size-default\">1<\/h2>\t\t\t\t<\/div>\n\t\t\t\t<\/div>\n\t\t\t\t<\/div>\n\t\t<div class=\"elementor-element elementor-element-05576d3 e-con-full e-flex e-con e-child\" data-id=\"05576d3\" data-element_type=\"container\" data-e-type=\"container\" data-settings=\"{&quot;jet_parallax_layout_list&quot;:[]}\">\n\t\t\t\t<div class=\"elementor-element elementor-element-200ddfc elementor-widget elementor-widget-heading\" data-id=\"200ddfc\" data-element_type=\"widget\" data-e-type=\"widget\" data-widget_type=\"heading.default\">\n\t\t\t\t<div class=\"elementor-widget-container\">\n\t\t\t\t\t<h2 class=\"elementor-heading-title elementor-size-default\">Ser una entidad legal independiente con fines de lucro<\/h2>\t\t\t\t<\/div>\n\t\t\t\t<\/div>\n\t\t\t\t<div class=\"elementor-element elementor-element-47df187 elementor-widget elementor-widget-text-editor\" data-id=\"47df187\" data-element_type=\"widget\" data-e-type=\"widget\" data-widget_type=\"text-editor.default\">\n\t\t\t\t<div class=\"elementor-widget-container\">\n\t\t\t\t\t\t\t\t\t<ul><li style=\"font-weight: 400;\" aria-level=\"1\"><span style=\"font-weight: 400;\">La empresa debe tener m\u00e1s de 12 meses de operaciones.*\u00a0<\/span><\/li><li style=\"font-weight: 400;\" aria-level=\"1\"><span style=\"font-weight: 400;\">Debe operar en un mercado competitivo.<\/span><\/li><li style=\"font-weight: 400;\" aria-level=\"1\"><span style=\"font-weight: 400;\">Debe ser un negocio completo y distinto, con un equipo ejecutivo independiente, que realice una rendici\u00f3n de cuentas individual de la empresa.<\/span><\/li><li style=\"font-weight: 400;\" aria-level=\"1\"><span style=\"font-weight: 400;\"><span style=\"font-weight: 400;\">Debe tener control sobre la compra de productos y el impacto en la cadena de suministro.<br \/><br \/><\/span><\/span><\/li><\/ul><h6><strong>*Se considera como inicio de operaciones el primer contrato formal de compra a un proveedor significativo, o una persona trabajando tiempo completo en la empresa. No se considera la fecha de constituci\u00f3n legal de la empresa.<\/strong><\/h6>\t\t\t\t\t\t\t\t<\/div>\n\t\t\t\t<\/div>\n\t\t\t\t<\/div>\n\t\t\t\t<\/div>\n\t\t<div class=\"elementor-element elementor-element-bbf4f14 e-grid e-con-full e-con e-child\" data-id=\"bbf4f14\" data-element_type=\"container\" data-e-type=\"container\" data-settings=\"{&quot;jet_parallax_layout_list&quot;:[]}\">\n\t\t<div class=\"elementor-element elementor-element-f0b422a e-con-full e-flex e-con e-child\" data-id=\"f0b422a\" data-element_type=\"container\" data-e-type=\"container\" data-settings=\"{&quot;background_background&quot;:&quot;classic&quot;,&quot;jet_parallax_layout_list&quot;:[]}\">\n\t\t\t\t<div class=\"elementor-element elementor-element-d0f8993 elementor-widget elementor-widget-heading\" data-id=\"d0f8993\" data-element_type=\"widget\" data-e-type=\"widget\" data-widget_type=\"heading.default\">\n\t\t\t\t<div class=\"elementor-widget-container\">\n\t\t\t\t\t<h2 class=\"elementor-heading-title elementor-size-default\">2<\/h2>\t\t\t\t<\/div>\n\t\t\t\t<\/div>\n\t\t\t\t<\/div>\n\t\t<div class=\"elementor-element elementor-element-f07591a e-con-full e-flex e-con e-child\" data-id=\"f07591a\" data-element_type=\"container\" data-e-type=\"container\" data-settings=\"{&quot;jet_parallax_layout_list&quot;:[]}\">\n\t\t\t\t<div class=\"elementor-element elementor-element-4840c4d elementor-widget elementor-widget-heading\" data-id=\"4840c4d\" data-element_type=\"widget\" data-e-type=\"widget\" data-widget_type=\"heading.default\">\n\t\t\t\t<div class=\"elementor-widget-container\">\n\t\t\t\t\t<h2 class=\"elementor-heading-title elementor-size-default\">Cumplir con los requisitos de desempe\u00f1o<\/h2>\t\t\t\t<\/div>\n\t\t\t\t<\/div>\n\t\t\t\t<div class=\"elementor-element elementor-element-6d9829a elementor-widget elementor-widget-text-editor\" data-id=\"6d9829a\" data-element_type=\"widget\" data-e-type=\"widget\" data-widget_type=\"text-editor.default\">\n\t\t\t\t<div class=\"elementor-widget-container\">\n\t\t\t\t\t\t\t\t\t<p><span style=\"font-weight: 400;\">Alcanzar un puntaje verificado de +80 puntos en la<a href=\"https:\/\/www.sistemab.org\/evaluacion-de-impacto-b\/\"> Evaluaci\u00f3n de Impacto B\u2122<\/a>\u00a0 y pasar por un control de antecedentes y potenciales riesgos.\u00a0<\/span><\/p><p><span style=\"font-weight: 400;\">Es importante tener en cuenta que la empresa debe declarar su relaci\u00f3n con industrias o pr\u00e1cticas controversiales o negativas en el<\/span> <a href=\"https:\/\/kb.bimpactassessment.net\/en\/support\/solutions\/articles\/43000574686-disclosure-questionnaire-and-complaints\" target=\"_blank\" rel=\"noopener\">Cuestionario de Divulgaci\u00f3n<\/a><span style=\"font-weight: 400;\">. Hay<\/span> <a href=\"https:\/\/bcorporation.net\/controversial-issues\" target=\"_blank\" rel=\"noopener\">Industrias Controversiales<\/a><span style=\"font-weight: 400;\"> para las cuales hay una posici\u00f3n definida por B Lab\u2122 que pueden incluir requisitos adicionales.<\/span><\/p>\t\t\t\t\t\t\t\t<\/div>\n\t\t\t\t<\/div>\n\t\t\t\t<\/div>\n\t\t\t\t<\/div>\n\t\t<div class=\"elementor-element elementor-element-b30e3ed e-grid e-con-full e-con e-child\" data-id=\"b30e3ed\" data-element_type=\"container\" data-e-type=\"container\" data-settings=\"{&quot;jet_parallax_layout_list&quot;:[]}\">\n\t\t<div class=\"elementor-element elementor-element-63e37ec e-con-full e-flex e-con e-child\" data-id=\"63e37ec\" data-element_type=\"container\" data-e-type=\"container\" data-settings=\"{&quot;background_background&quot;:&quot;classic&quot;,&quot;jet_parallax_layout_list&quot;:[]}\">\n\t\t\t\t<div class=\"elementor-element elementor-element-43c0e32 elementor-widget elementor-widget-heading\" data-id=\"43c0e32\" data-element_type=\"widget\" data-e-type=\"widget\" data-widget_type=\"heading.default\">\n\t\t\t\t<div class=\"elementor-widget-container\">\n\t\t\t\t\t<h2 class=\"elementor-heading-title elementor-size-default\">3<\/h2>\t\t\t\t<\/div>\n\t\t\t\t<\/div>\n\t\t\t\t<\/div>\n\t\t<div class=\"elementor-element elementor-element-d3cbc7e e-con-full e-flex e-con e-child\" data-id=\"d3cbc7e\" data-element_type=\"container\" data-e-type=\"container\" data-settings=\"{&quot;jet_parallax_layout_list&quot;:[]}\">\n\t\t\t\t<div class=\"elementor-element elementor-element-20a3a96 elementor-widget elementor-widget-heading\" data-id=\"20a3a96\" data-element_type=\"widget\" data-e-type=\"widget\" data-widget_type=\"heading.default\">\n\t\t\t\t<div class=\"elementor-widget-container\">\n\t\t\t\t\t<h2 class=\"elementor-heading-title elementor-size-default\">Cumplir con el requisito de responsabilidad legal\n<\/h2>\t\t\t\t<\/div>\n\t\t\t\t<\/div>\n\t\t\t\t<div class=\"elementor-element elementor-element-618de32 elementor-widget elementor-widget-text-editor\" data-id=\"618de32\" data-element_type=\"widget\" data-e-type=\"widget\" data-widget_type=\"text-editor.default\">\n\t\t\t\t<div class=\"elementor-widget-container\">\n\t\t\t\t\t\t\t\t\t<p><span style=\"font-weight: 400;\">Las Empresas B\u2122 est\u00e1n legalmente obligadas a considerar el impacto de sus decisiones en todos sus grupos de inter\u00e9s, incorporando este compromiso en sus estatutos. Revisa la <\/span><span style=\"text-decoration: underline;\"><a href=\"https:\/\/www.bcorporation.net\/en-us\/about-b-corps\/legal-requirements\" target=\"_blank\" rel=\"noopener\"><span style=\"font-weight: 400;\"><strong>gu\u00eda de requisitos legales<\/strong><\/span><\/a><\/span><span style=\"font-weight: 400;\"> para encontrar el texto que debes incluir en tus estatutos seg\u00fan tu pa\u00eds. Adem\u00e1s, ten en cuenta que una forma de cumplir con el requisito de responsabilidad legal es adoptando la figura jur\u00eddica de una<span style=\"text-decoration: underline;\"> <a href=\"https:\/\/www.sistemab.org\/gobernanza-de-las-partes-interesadas\/\">Sociedad BIC.<\/a><\/span><\/span><\/p>\t\t\t\t\t\t\t\t<\/div>\n\t\t\t\t<\/div>\n\t\t\t\t<\/div>\n\t\t\t\t<\/div>\n\t\t<div class=\"elementor-element elementor-element-f3a5c02 e-grid e-con-full e-con e-child\" data-id=\"f3a5c02\" data-element_type=\"container\" data-e-type=\"container\" data-settings=\"{&quot;jet_parallax_layout_list&quot;:[]}\">\n\t\t<div class=\"elementor-element elementor-element-f9360ef e-con-full e-flex e-con e-child\" data-id=\"f9360ef\" data-element_type=\"container\" data-e-type=\"container\" data-settings=\"{&quot;background_background&quot;:&quot;classic&quot;,&quot;jet_parallax_layout_list&quot;:[]}\">\n\t\t\t\t<div class=\"elementor-element elementor-element-a828374 elementor-widget elementor-widget-heading\" data-id=\"a828374\" data-element_type=\"widget\" data-e-type=\"widget\" data-widget_type=\"heading.default\">\n\t\t\t\t<div class=\"elementor-widget-container\">\n\t\t\t\t\t<h2 class=\"elementor-heading-title elementor-size-default\">4<\/h2>\t\t\t\t<\/div>\n\t\t\t\t<\/div>\n\t\t\t\t<\/div>\n\t\t<div class=\"elementor-element elementor-element-2ca1a8f e-con-full e-flex e-con e-child\" data-id=\"2ca1a8f\" data-element_type=\"container\" data-e-type=\"container\" data-settings=\"{&quot;jet_parallax_layout_list&quot;:[]}\">\n\t\t\t\t<div class=\"elementor-element elementor-element-49ca119 elementor-widget elementor-widget-heading\" data-id=\"49ca119\" data-element_type=\"widget\" data-e-type=\"widget\" data-widget_type=\"heading.default\">\n\t\t\t\t<div class=\"elementor-widget-container\">\n\t\t\t\t\t<h2 class=\"elementor-heading-title elementor-size-default\">Cumplir con los requisitos de transparencia y verificaci\u00f3n<\/h2>\t\t\t\t<\/div>\n\t\t\t\t<\/div>\n\t\t\t\t<div class=\"elementor-element elementor-element-925b0de elementor-widget elementor-widget-text-editor\" data-id=\"925b0de\" data-element_type=\"widget\" data-e-type=\"widget\" data-widget_type=\"text-editor.default\">\n\t\t\t\t<div class=\"elementor-widget-container\">\n\t\t\t\t\t\t\t\t\t<p><span style=\"font-weight: 400;\">Las Empresas B hacen p\u00fablico el puntaje obtenido durante el proceso de certificaci\u00f3n en el<\/span><a href=\"https:\/\/www.bcorporation.net\/en-us\/find-a-b-corp\" target=\"_blank\" rel=\"noopener\"> Directorio de Empresas B<\/a>.<\/p>\t\t\t\t\t\t\t\t<\/div>\n\t\t\t\t<\/div>\n\t\t\t\t<\/div>\n\t\t\t\t<\/div>\n\t\t<div class=\"elementor-element elementor-element-42edf93 e-grid e-con-full e-con e-child\" data-id=\"42edf93\" data-element_type=\"container\" data-e-type=\"container\" data-settings=\"{&quot;jet_parallax_layout_list&quot;:[]}\">\n\t\t<div class=\"elementor-element elementor-element-e03e698 e-con-full e-flex e-con e-child\" data-id=\"e03e698\" data-element_type=\"container\" data-e-type=\"container\" data-settings=\"{&quot;background_background&quot;:&quot;classic&quot;,&quot;jet_parallax_layout_list&quot;:[]}\">\n\t\t\t\t<div class=\"elementor-element elementor-element-8681004 elementor-widget elementor-widget-heading\" data-id=\"8681004\" data-element_type=\"widget\" data-e-type=\"widget\" data-widget_type=\"heading.default\">\n\t\t\t\t<div class=\"elementor-widget-container\">\n\t\t\t\t\t<h2 class=\"elementor-heading-title elementor-size-default\">5<\/h2>\t\t\t\t<\/div>\n\t\t\t\t<\/div>\n\t\t\t\t<\/div>\n\t\t<div class=\"elementor-element elementor-element-17fc66e e-con-full e-flex e-con e-child\" data-id=\"17fc66e\" data-element_type=\"container\" data-e-type=\"container\" data-settings=\"{&quot;jet_parallax_layout_list&quot;:[]}\">\n\t\t\t\t<div class=\"elementor-element elementor-element-2515db6 elementor-widget elementor-widget-heading\" data-id=\"2515db6\" data-element_type=\"widget\" data-e-type=\"widget\" data-widget_type=\"heading.default\">\n\t\t\t\t<div class=\"elementor-widget-container\">\n\t\t\t\t\t<h2 class=\"elementor-heading-title elementor-size-default\">Firmar la Declaraci\u00f3n de Interdependencia<\/h2>\t\t\t\t<\/div>\n\t\t\t\t<\/div>\n\t\t\t\t<div class=\"elementor-element elementor-element-9263ab4 elementor-widget elementor-widget-text-editor\" data-id=\"9263ab4\" data-element_type=\"widget\" data-e-type=\"widget\" data-widget_type=\"text-editor.default\">\n\t\t\t\t<div class=\"elementor-widget-container\">\n\t\t\t\t\t\t\t\t\t<p><span style=\"font-weight: 400;\">Al certificarse, las Empresas B asumen el compromiso de vivir los valores del Movimiento B y de impulsar, juntas, la visi\u00f3n de las Personas Utilizando a las Empresas como Fuerza para el Bien\u2122 . <\/span><\/p>\t\t\t\t\t\t\t\t<\/div>\n\t\t\t\t<\/div>\n\t\t\t\t<\/div>\n\t\t\t\t<\/div>\n\t\t<div class=\"elementor-element elementor-element-a596205 e-grid e-con-full e-con e-child\" data-id=\"a596205\" data-element_type=\"container\" data-e-type=\"container\" data-settings=\"{&quot;jet_parallax_layout_list&quot;:[]}\">\n\t\t<div class=\"elementor-element elementor-element-6bac846 e-con-full e-flex e-con e-child\" data-id=\"6bac846\" data-element_type=\"container\" data-e-type=\"container\" data-settings=\"{&quot;background_background&quot;:&quot;classic&quot;,&quot;jet_parallax_layout_list&quot;:[]}\">\n\t\t\t\t<div class=\"elementor-element elementor-element-94b8e0b elementor-widget elementor-widget-heading\" data-id=\"94b8e0b\" data-element_type=\"widget\" data-e-type=\"widget\" data-widget_type=\"heading.default\">\n\t\t\t\t<div class=\"elementor-widget-container\">\n\t\t\t\t\t<h2 class=\"elementor-heading-title elementor-size-default\">6<\/h2>\t\t\t\t<\/div>\n\t\t\t\t<\/div>\n\t\t\t\t<\/div>\n\t\t<div class=\"elementor-element elementor-element-16be09d e-con-full e-flex e-con e-child\" data-id=\"16be09d\" data-element_type=\"container\" data-e-type=\"container\" data-settings=\"{&quot;jet_parallax_layout_list&quot;:[]}\">\n\t\t\t\t<div class=\"elementor-element elementor-element-bbccb35 elementor-widget elementor-widget-heading\" data-id=\"bbccb35\" data-element_type=\"widget\" data-e-type=\"widget\" data-widget_type=\"heading.default\">\n\t\t\t\t<div class=\"elementor-widget-container\">\n\t\t\t\t\t<h2 class=\"elementor-heading-title elementor-size-default\">Realizar los pagos correspondientes<\/h2>\t\t\t\t<\/div>\n\t\t\t\t<\/div>\n\t\t\t\t<div class=\"elementor-element elementor-element-0a1143b elementor-widget elementor-widget-text-editor\" data-id=\"0a1143b\" data-element_type=\"widget\" data-e-type=\"widget\" data-widget_type=\"text-editor.default\">\n\t\t\t\t<div class=\"elementor-widget-container\">\n\t\t\t\t\t\t\t\t\t<p><span style=\"font-weight: 400;\">Para avanzar en la certificaci\u00f3n, es necesario realizar dos pagos: primero, el <\/span><i>Fee <\/i>de Aplicaci\u00f3n<span style=\"font-weight: 400;\">, que permite iniciar el proceso de verificaci\u00f3n de la <a href=\"https:\/\/www.sistemab.org\/evaluacion-de-impacto-b\/\">Evaluaci\u00f3n de Impacto B<\/a> . Luego, una vez obtenida la certificaci\u00f3n, se debe abonar el <\/span><a href=\"https:\/\/www.sistemab.org\/precios\/\"><i>Fee <\/i>Anual de Certificaci\u00f3n<\/a><span style=\"font-weight: 400;\">, cuyo monto var\u00eda seg\u00fan el rango de facturaci\u00f3n de la empresa.<\/span><\/p>\t\t\t\t\t\t\t\t<\/div>\n\t\t\t\t<\/div>\n\t\t\t\t<\/div>\n\t\t\t\t<\/div>\n\t\t\t\t<\/div>\n\t\t\t\t<\/div>\n\t\t<div class=\"elementor-element elementor-element-8fb5e49 e-con-full e-flex e-con e-child\" data-id=\"8fb5e49\" data-element_type=\"container\" data-e-type=\"container\" data-settings=\"{&quot;jet_parallax_layout_list&quot;:[],&quot;sticky&quot;:&quot;top&quot;,&quot;sticky_parent&quot;:&quot;yes&quot;,&quot;sticky_on&quot;:[&quot;desktop&quot;,&quot;tablet&quot;,&quot;mobile&quot;],&quot;sticky_offset&quot;:0,&quot;sticky_effects_offset&quot;:0,&quot;sticky_anchor_link_offset&quot;:0}\">\n\t\t\t\t<div class=\"elementor-element elementor-element-e24864b elementor-cta--skin-cover elementor-hidden-mobile elementor-animated-content elementor-bg-transform elementor-bg-transform-zoom-in elementor-invisible elementor-widget elementor-widget-call-to-action\" data-id=\"e24864b\" data-element_type=\"widget\" data-e-type=\"widget\" data-settings=\"{&quot;_animation&quot;:&quot;zoomIn&quot;,&quot;_animation_delay&quot;:400}\" data-widget_type=\"call-to-action.default\">\n\t\t\t\t<div class=\"elementor-widget-container\">\n\t\t\t\t\t\t\t<div class=\"elementor-cta\">\n\t\t\t\t\t<div class=\"elementor-cta__bg-wrapper\">\n\t\t\t\t<div class=\"elementor-cta__bg elementor-bg\" style=\"background-image: url(https:\/\/www.sistemab.org\/wp-content\/uploads\/2025\/02\/BCF_Misia_Laska_40-scaled.jpg);\" role=\"img\" aria-label=\"BCF_Misia_Laska_40\"><\/div>\n\t\t\t\t<div class=\"elementor-cta__bg-overlay\"><\/div>\n\t\t\t<\/div>\n\t\t\t\t\t\t\t<div class=\"elementor-cta__content\">\n\t\t\t\t\n\t\t\t\t\n\t\t\t\t\n\t\t\t\t\t\t\t<\/div>\n\t\t\t\t\t\t<\/div>\n\t\t\t\t\t\t<\/div>\n\t\t\t\t<\/div>\n\t\t\t\t<div class=\"elementor-element elementor-element-04d8e35 elementor-cta--skin-cover elementor-hidden-mobile elementor-animated-content elementor-bg-transform elementor-bg-transform-zoom-in elementor-invisible elementor-widget elementor-widget-call-to-action\" data-id=\"04d8e35\" data-element_type=\"widget\" data-e-type=\"widget\" data-settings=\"{&quot;_animation&quot;:&quot;zoomIn&quot;,&quot;_animation_delay&quot;:400}\" data-widget_type=\"call-to-action.default\">\n\t\t\t\t<div class=\"elementor-widget-container\">\n\t\t\t\t\t\t\t<div class=\"elementor-cta\">\n\t\t\t\t\t<div class=\"elementor-cta__bg-wrapper\">\n\t\t\t\t<div class=\"elementor-cta__bg elementor-bg\" style=\"background-image: url(https:\/\/www.sistemab.org\/wp-content\/uploads\/2025\/02\/DSC8633-2-scaled.jpg);\" role=\"img\" aria-label=\"_DSC8633\"><\/div>\n\t\t\t\t<div class=\"elementor-cta__bg-overlay\"><\/div>\n\t\t\t<\/div>\n\t\t\t\t\t\t\t<div class=\"elementor-cta__content\">\n\t\t\t\t\n\t\t\t\t\n\t\t\t\t\n\t\t\t\t\t\t\t<\/div>\n\t\t\t\t\t\t<\/div>\n\t\t\t\t\t\t<\/div>\n\t\t\t\t<\/div>\n\t\t\t\t<div class=\"elementor-element elementor-element-fbff68b elementor-cta--skin-cover elementor-hidden-mobile elementor-animated-content elementor-bg-transform elementor-bg-transform-zoom-in elementor-invisible elementor-widget elementor-widget-call-to-action\" data-id=\"fbff68b\" data-element_type=\"widget\" data-e-type=\"widget\" data-settings=\"{&quot;_animation&quot;:&quot;zoomIn&quot;,&quot;_animation_delay&quot;:400}\" data-widget_type=\"call-to-action.default\">\n\t\t\t\t<div class=\"elementor-widget-container\">\n\t\t\t\t\t\t\t<div class=\"elementor-cta\">\n\t\t\t\t\t<div class=\"elementor-cta__bg-wrapper\">\n\t\t\t\t<div class=\"elementor-cta__bg elementor-bg\" style=\"background-image: url(https:\/\/www.sistemab.org\/wp-content\/uploads\/2025\/02\/BCF_Misia_Laska_415-scaled.jpg);\" role=\"img\" aria-label=\"BCF_Misia_Laska_415\"><\/div>\n\t\t\t\t<div class=\"elementor-cta__bg-overlay\"><\/div>\n\t\t\t<\/div>\n\t\t\t\t\t\t\t<div class=\"elementor-cta__content\">\n\t\t\t\t\n\t\t\t\t\n\t\t\t\t\n\t\t\t\t\t\t\t<\/div>\n\t\t\t\t\t\t<\/div>\n\t\t\t\t\t\t<\/div>\n\t\t\t\t<\/div>\n\t\t\t\t<\/div>\n\t\t\t\t<\/div>\n\t\t\t\t\t<\/div>\n\t\t\t\t<\/div>\n\t\t\t\t<\/div>\n\t\t","protected":false},"excerpt":{"rendered":"<p>Requisitos para la Certificaci\u00f3n de Empresa B Para certificar como Empresa B, se debe: 1 Ser una entidad legal independiente con fines de lucro La empresa debe tener m\u00e1s de 12 meses de operaciones.*\u00a0 Debe operar en un mercado competitivo. Debe ser un negocio completo y distinto, con un equipo ejecutivo independiente, que realice una [&hellip;]<\/p>\n","protected":false},"author":1,"featured_media":0,"parent":0,"menu_order":0,"comment_status":"closed","ping_status":"closed","template":"","meta":{"footnotes":""},"class_list":["post-2292","page","type-page","status-publish","hentry"],"_links":{"self":[{"href":"https:\/\/www.sistemab.org\/en\/wp-json\/wp\/v2\/pages\/2292","targetHints":{"allow":["GET"]}}],"collection":[{"href":"https:\/\/www.sistemab.org\/en\/wp-json\/wp\/v2\/pages"}],"about":[{"href":"https:\/\/www.sistemab.org\/en\/wp-json\/wp\/v2\/types\/page"}],"author":[{"embeddable":true,"href":"https:\/\/www.sistemab.org\/en\/wp-json\/wp\/v2\/users\/1"}],"replies":[{"embeddable":true,"href":"https:\/\/www.sistemab.org\/en\/wp-json\/wp\/v2\/comments?post=2292"}],"version-history":[{"count":10,"href":"https:\/\/www.sistemab.org\/en\/wp-json\/wp\/v2\/pages\/2292\/revisions"}],"predecessor-version":[{"id":9551,"href":"https:\/\/www.sistemab.org\/en\/wp-json\/wp\/v2\/pages\/2292\/revisions\/9551"}],"wp:attachment":[{"href":"https:\/\/www.sistemab.org\/en\/wp-json\/wp\/v2\/media?parent=2292"}],"curies":[{"name":"wp","href":"https:\/\/api.w.org\/{rel}","templated":true}]}}