{"id":1004,"date":"2025-01-20T12:06:21","date_gmt":"2025-01-20T12:06:21","guid":{"rendered":"https:\/\/sistemab.girolabs.tech\/?page_id=1004"},"modified":"2026-02-12T16:05:30","modified_gmt":"2026-02-12T16:05:30","slug":"valor-de-las-empresas-b","status":"publish","type":"page","link":"https:\/\/www.sistemab.org\/pt\/valor-das-empresas-b\/","title":{"rendered":"Por que certificar minha empresa?"},"content":{"rendered":"\t\t<div data-elementor-type=\"wp-page\" data-elementor-id=\"1004\" class=\"elementor elementor-1004\" data-elementor-post-type=\"page\">\n\t\t\t\t<div class=\"elementor-element elementor-element-acd68ef e-flex e-con-boxed e-con e-parent\" data-id=\"acd68ef\" data-element_type=\"container\" data-e-type=\"container\" data-settings=\"{&quot;background_background&quot;:&quot;classic&quot;,&quot;jet_parallax_layout_list&quot;:[]}\">\n\t\t\t\t\t<div class=\"e-con-inner\">\n\t\t\t\t<div class=\"elementor-element elementor-element-0e11e7a elementor-widget__width-initial elementor-invisible elementor-widget elementor-widget-heading\" data-id=\"0e11e7a\" data-element_type=\"widget\" data-e-type=\"widget\" data-settings=\"{&quot;_animation&quot;:&quot;fadeInLeft&quot;,&quot;_animation_delay&quot;:200}\" data-widget_type=\"heading.default\">\n\t\t\t\t<div class=\"elementor-widget-container\">\n\t\t\t\t\t<h2 class=\"elementor-heading-title elementor-size-default\">Por qu\u00e9 certificar\na mi empresa<\/h2>\t\t\t\t<\/div>\n\t\t\t\t<\/div>\n\t\t\t\t\t<\/div>\n\t\t\t\t<\/div>\n\t\t<div class=\"elementor-element elementor-element-15358f0 e-flex e-con-boxed e-con e-parent\" data-id=\"15358f0\" data-element_type=\"container\" data-e-type=\"container\" data-settings=\"{&quot;jet_parallax_layout_list&quot;:[]}\">\n\t\t\t\t\t<div class=\"e-con-inner\">\n\t\t<div class=\"elementor-element elementor-element-b22cab1 e-con-full e-flex e-con e-child\" data-id=\"b22cab1\" data-element_type=\"container\" data-e-type=\"container\" data-settings=\"{&quot;jet_parallax_layout_list&quot;:[]}\">\n\t\t\t\t<div class=\"elementor-element elementor-element-25a0830 elementor-invisible elementor-widget elementor-widget-image\" data-id=\"25a0830\" data-element_type=\"widget\" data-e-type=\"widget\" data-settings=\"{&quot;_animation&quot;:&quot;fadeInLeft&quot;,&quot;_animation_delay&quot;:200}\" data-widget_type=\"image.default\">\n\t\t\t\t<div class=\"elementor-widget-container\">\n\t\t\t\t\t\t\t\t\t\t\t\t\t\t\t<img decoding=\"async\" width=\"126\" height=\"12\" src=\"https:\/\/www.sistemab.org\/wp-content\/uploads\/2024\/12\/vector-2.png\" class=\"attachment-full size-full wp-image-434\" alt=\"\" srcset=\"https:\/\/www.sistemab.org\/wp-content\/uploads\/2024\/12\/vector-2.png 126w, https:\/\/www.sistemab.org\/wp-content\/uploads\/2024\/12\/vector-2-18x2.png 18w\" sizes=\"(max-width: 126px) 100vw, 126px\" \/>\t\t\t\t\t\t\t\t\t\t\t\t\t\t\t<\/div>\n\t\t\t\t<\/div>\n\t\t\t\t<div class=\"elementor-element elementor-element-74a8ae5 elementor-widget elementor-widget-heading\" data-id=\"74a8ae5\" data-element_type=\"widget\" data-e-type=\"widget\" data-widget_type=\"heading.default\">\n\t\t\t\t<div class=\"elementor-widget-container\">\n\t\t\t\t\t<h2 class=\"elementor-heading-title elementor-size-default\">Innovaci\u00f3n con impacto<\/h2>\t\t\t\t<\/div>\n\t\t\t\t<\/div>\n\t\t\t\t<div class=\"elementor-element elementor-element-98303c1 elementor-invisible elementor-widget elementor-widget-text-editor\" data-id=\"98303c1\" data-element_type=\"widget\" data-e-type=\"widget\" data-settings=\"{&quot;_animation&quot;:&quot;fadeInLeft&quot;,&quot;_animation_delay&quot;:600}\" data-widget_type=\"text-editor.default\">\n\t\t\t\t<div class=\"elementor-widget-container\">\n\t\t\t\t\t\t\t\t\t<p><span style=\"font-weight: 400;\">Certificar tu empresa como Empresa B\u2122 es una oportunidad para diferenciarte con un sello de confianza que valida tu compromiso con altos est\u00e1ndares sociales y ambientales. Al unirte a una comunidad global de empresas con prop\u00f3sito, accedes a oportunidades de colaboraci\u00f3n, aprendizaje y crecimiento. Adem\u00e1s, la certificaci\u00f3n fortalece la gesti\u00f3n del negocio, atrayendo talento e inversi\u00f3n alineados con la sostenibilidad y el impacto positivo. A trav\u00e9s de B Impact\u2122, puedes medir y mejorar continuamente tu desempe\u00f1o, asegurando la resiliencia y el prop\u00f3sito a largo plazo de tu empresa.\u00a0<\/span><\/p><p><b>M\u00e1s que una certificaci\u00f3n, es una herramienta para seguir evolucionando y generando impacto real.<\/b><\/p>\t\t\t\t\t\t\t\t<\/div>\n\t\t\t\t<\/div>\n\t\t\t\t<\/div>\n\t\t<div class=\"elementor-element elementor-element-5b2f2ee e-con-full e-flex elementor-invisible e-con e-child\" data-id=\"5b2f2ee\" data-element_type=\"container\" data-e-type=\"container\" data-settings=\"{&quot;background_background&quot;:&quot;classic&quot;,&quot;jet_parallax_layout_list&quot;:[],&quot;animation&quot;:&quot;zoomIn&quot;,&quot;animation_delay&quot;:200}\">\n\t\t\t\t<div class=\"elementor-element elementor-element-6d26ea1 elementor-absolute elementor-invisible elementor-widget elementor-widget-jet-inline-svg\" data-id=\"6d26ea1\" data-element_type=\"widget\" data-e-type=\"widget\" data-settings=\"{&quot;_position&quot;:&quot;absolute&quot;,&quot;_animation&quot;:&quot;rotateInDownRight&quot;,&quot;_animation_delay&quot;:600}\" data-widget_type=\"jet-inline-svg.default\">\n\t\t\t\t<div class=\"elementor-widget-container\">\n\t\t\t\t\t<div class=\"elementor-jet-inline-svg jet-elements\"><div class=\"jet-inline-svg__wrapper\"><div class=\"jet-inline-svg jet-inline-svg--custom-width jet-inline-svg--custom-color\"><div class=\"jet-inline-svg__inner\"><?xml version=\"1.0\" encoding=\"UTF-8\"?>\n<svg xmlns=\"http:\/\/www.w3.org\/2000\/svg\" width=\"137\" height=\"133\" viewBox=\"0 0 137 133\" fill=\"none\">\n  <rect width=\"137\" height=\"132.356\" rx=\"66.178\" fill=\"currentColor\"><\/rect>\n<\/svg>\n<\/div><\/div><\/div><\/div>\t\t\t\t<\/div>\n\t\t\t\t<\/div>\n\t\t\t\t<\/div>\n\t\t\t\t\t<\/div>\n\t\t\t\t<\/div>\n\t\t<div class=\"elementor-element elementor-element-7b28efd e-flex e-con-boxed e-con e-parent\" data-id=\"7b28efd\" data-element_type=\"container\" data-e-type=\"container\" data-settings=\"{&quot;jet_parallax_layout_list&quot;:[],&quot;background_background&quot;:&quot;classic&quot;}\">\n\t\t\t\t\t<div class=\"e-con-inner\">\n\t\t\t\t<div class=\"elementor-element elementor-element-b195329 elementor-widget elementor-widget-heading\" data-id=\"b195329\" data-element_type=\"widget\" data-e-type=\"widget\" data-widget_type=\"heading.default\">\n\t\t\t\t<div class=\"elementor-widget-container\">\n\t\t\t\t\t<h2 class=\"elementor-heading-title elementor-size-default\">El valor de ser Empresa B<\/h2>\t\t\t\t<\/div>\n\t\t\t\t<\/div>\n\t\t<div class=\"elementor-element elementor-element-d9ce9fd e-grid e-con-full e-con e-child\" data-id=\"d9ce9fd\" data-element_type=\"container\" data-e-type=\"container\" data-settings=\"{&quot;jet_parallax_layout_list&quot;:[]}\">\n\t\t\t\t<div class=\"elementor-element elementor-element-4be9c00 elementor-cta--skin-cover elementor-hidden-mobile elementor-animated-content elementor-bg-transform elementor-bg-transform-zoom-in elementor-invisible elementor-widget elementor-widget-call-to-action\" data-id=\"4be9c00\" data-element_type=\"widget\" data-e-type=\"widget\" data-settings=\"{&quot;_animation&quot;:&quot;zoomIn&quot;,&quot;_animation_delay&quot;:600}\" data-widget_type=\"call-to-action.default\">\n\t\t\t\t<div class=\"elementor-widget-container\">\n\t\t\t\t\t\t\t<div class=\"elementor-cta\">\n\t\t\t\t\t<div class=\"elementor-cta__bg-wrapper\">\n\t\t\t\t<div class=\"elementor-cta__bg elementor-bg\" style=\"background-image: url(https:\/\/www.sistemab.org\/wp-content\/uploads\/2025\/03\/IMG_3543edit.jpg);\" role=\"img\" aria-label=\"IMG_3543+edit\"><\/div>\n\t\t\t\t<div class=\"elementor-cta__bg-overlay\"><\/div>\n\t\t\t<\/div>\n\t\t\t\t\t\t\t<div class=\"elementor-cta__content\">\n\t\t\t\t\n\t\t\t\t\n\t\t\t\t\n\t\t\t\t\t\t\t<\/div>\n\t\t\t\t\t\t<\/div>\n\t\t\t\t\t\t<\/div>\n\t\t\t\t<\/div>\n\t\t<div class=\"elementor-element elementor-element-bb039a0 e-con-full e-flex e-con e-child\" data-id=\"bb039a0\" data-element_type=\"container\" data-e-type=\"container\" data-settings=\"{&quot;jet_parallax_layout_list&quot;:[]}\">\n\t\t\t\t<div class=\"elementor-element elementor-element-4e1d251 elementor-pagination-type-bullets elementor-arrows-position-inside elementor-pagination-position-outside elementor-widget elementor-widget-n-carousel\" data-id=\"4e1d251\" data-element_type=\"widget\" data-e-type=\"widget\" data-settings=\"{&quot;carousel_items&quot;:[{&quot;slide_title&quot;:&quot;Diapositiva n\\u00ba 1&quot;,&quot;_id&quot;:&quot;c983ffa&quot;},{&quot;slide_title&quot;:&quot;Diapositiva n\\u00ba2&quot;,&quot;_id&quot;:&quot;77d7f97&quot;},{&quot;slide_title&quot;:&quot;Diapositiva n\\u00ba 3&quot;,&quot;_id&quot;:&quot;4c6aba9&quot;},{&quot;slide_title&quot;:&quot;Diapositiva n\\u00ba 4&quot;,&quot;_id&quot;:&quot;25d91dc&quot;},{&quot;slide_title&quot;:&quot;Diapositiva n\\u00ba 5&quot;,&quot;_id&quot;:&quot;fe9a09d&quot;}],&quot;slides_to_show&quot;:&quot;1&quot;,&quot;slides_to_show_tablet&quot;:&quot;1&quot;,&quot;slides_to_show_mobile&quot;:&quot;1&quot;,&quot;infinite&quot;:&quot;yes&quot;,&quot;speed&quot;:500,&quot;offset_sides&quot;:&quot;none&quot;,&quot;arrows&quot;:&quot;yes&quot;,&quot;pagination&quot;:&quot;bullets&quot;,&quot;image_spacing_custom&quot;:{&quot;unit&quot;:&quot;px&quot;,&quot;size&quot;:10,&quot;sizes&quot;:[]},&quot;image_spacing_custom_tablet&quot;:{&quot;unit&quot;:&quot;px&quot;,&quot;size&quot;:&quot;&quot;,&quot;sizes&quot;:[]},&quot;image_spacing_custom_mobile&quot;:{&quot;unit&quot;:&quot;px&quot;,&quot;size&quot;:&quot;&quot;,&quot;sizes&quot;:[]}}\" data-widget_type=\"nested-carousel.default\">\n\t\t\t\t<div class=\"elementor-widget-container\">\n\t\t\t\t\t\t\t<div class=\"e-n-carousel swiper\" role=\"region\" aria-roledescription=\"carousel\" aria-label=\"Carrusel\" dir=\"ltr\">\n\t\t\t<div class=\"swiper-wrapper\" aria-live=\"polite\">\n\t\t\t\t\t\t\t\t\t\t<div class=\"swiper-slide\" data-slide=\"1\" role=\"group\" aria-roledescription=\"slide\" aria-label=\"1 de 5\">\n\t\t\t\t\t\t\t<div class=\"elementor-element elementor-element-fd7f7f5 e-flex e-con-boxed e-con e-child\" data-id=\"fd7f7f5\" data-element_type=\"container\" data-e-type=\"container\" data-settings=\"{&quot;jet_parallax_layout_list&quot;:[]}\">\n\t\t\t\t\t<div class=\"e-con-inner\">\n\t\t\t\t<div class=\"elementor-element elementor-element-c9fbf5b elementor-widget elementor-widget-heading\" data-id=\"c9fbf5b\" data-element_type=\"widget\" data-e-type=\"widget\" data-widget_type=\"heading.default\">\n\t\t\t\t<div class=\"elementor-widget-container\">\n\t\t\t\t\t<h2 class=\"elementor-heading-title elementor-size-default\">1. Credibilidad y diferenciaci\u00f3n en el mercado<\/h2>\t\t\t\t<\/div>\n\t\t\t\t<\/div>\n\t\t\t\t<div class=\"elementor-element elementor-element-c8a01e6 elementor-widget elementor-widget-text-editor\" data-id=\"c8a01e6\" data-element_type=\"widget\" data-e-type=\"widget\" data-widget_type=\"text-editor.default\">\n\t\t\t\t<div class=\"elementor-widget-container\">\n\t\t\t\t\t\t\t\t\t<ul><li aria-level=\"2\"><b>Reconocimiento de marca<\/b><span style=\"font-weight: 400;\"><span style=\"font-weight: 400;\">: La Certificaci\u00f3n de Empresa B\u2122 es una marca global de confianza que demuestra un compromiso real con altos est\u00e1ndares de impacto social y ambiental.<\/span><\/span><p>\u00a0<\/p><\/li><li aria-level=\"2\"><b>Ventaja competitiva<\/b><span style=\"font-weight: 400;\"><span style=\"font-weight: 400;\">: En mercados donde los consumidores valoran empresas responsables, la certificaci\u00f3n puede diferenciar la marca y aumentar la lealtad del cliente.<\/span><\/span><p>\u00a0<\/p><\/li><li aria-level=\"2\"><b>Acceso a nuevos mercados<\/b>: Empresas B podr\u00edan acceder a clientes y grandes compradores que priorizan la sostenibilidad en su cadena de valor.<\/li><\/ul>\t\t\t\t\t\t\t\t<\/div>\n\t\t\t\t<\/div>\n\t\t\t\t\t<\/div>\n\t\t\t\t<\/div>\n\t\t\t\t\t\t\t\t<\/div>\n\t\t\t\t\t\t\t\t\t\t\t<div class=\"swiper-slide\" data-slide=\"2\" role=\"group\" aria-roledescription=\"slide\" aria-label=\"2 de 5\">\n\t\t\t\t\t\t\t<div class=\"elementor-element elementor-element-d219b1b e-flex e-con-boxed e-con e-child\" data-id=\"d219b1b\" data-element_type=\"container\" data-e-type=\"container\" data-settings=\"{&quot;jet_parallax_layout_list&quot;:[]}\">\n\t\t\t\t\t<div class=\"e-con-inner\">\n\t\t\t\t<div class=\"elementor-element elementor-element-9783967 elementor-widget elementor-widget-heading\" data-id=\"9783967\" data-element_type=\"widget\" data-e-type=\"widget\" data-widget_type=\"heading.default\">\n\t\t\t\t<div class=\"elementor-widget-container\">\n\t\t\t\t\t<h2 class=\"elementor-heading-title elementor-size-default\">2. Acceso a una comunidad global de impacto<\/h2>\t\t\t\t<\/div>\n\t\t\t\t<\/div>\n\t\t\t\t<div class=\"elementor-element elementor-element-59c5003 elementor-widget elementor-widget-text-editor\" data-id=\"59c5003\" data-element_type=\"widget\" data-e-type=\"widget\" data-widget_type=\"text-editor.default\">\n\t\t\t\t<div class=\"elementor-widget-container\">\n\t\t\t\t\t\t\t\t\t<ul><li aria-level=\"2\"><b>Comunidad de Empresas B<\/b><span style=\"font-weight: 400;\">: La certificaci\u00f3n permite formar parte de un movimiento global de m\u00e1s de 10.000 Empresas B en el mundo, facilitando alianzas estrat\u00e9gicas, colaboraci\u00f3n, intercambio de buenas pr\u00e1cticas e iniciativas de a<\/span><span style=\"font-weight: 400;\">cci\u00f3n colectiva<\/span><span style=\"font-weight: 400;\"><span style=\"font-weight: 400;\">.<\/span><\/span><p>\u00a0<\/p><\/li><li aria-level=\"2\"><b>Eventos y conexiones<\/b><span style=\"font-weight: 400;\">: Participaci\u00f3n en eventos exclusivos como el <\/span><span style=\"font-weight: 400;\">Encuentro+B<\/span><span style=\"font-weight: 400;\">, reuniones locales y acceso a plataformas de networking.<\/span><\/li><\/ul>\t\t\t\t\t\t\t\t<\/div>\n\t\t\t\t<\/div>\n\t\t\t\t\t<\/div>\n\t\t\t\t<\/div>\n\t\t\t\t\t\t\t\t<\/div>\n\t\t\t\t\t\t\t\t\t\t\t<div class=\"swiper-slide\" data-slide=\"3\" role=\"group\" aria-roledescription=\"slide\" aria-label=\"3 de 5\">\n\t\t\t\t\t\t\t<div class=\"elementor-element elementor-element-59b7112 e-flex e-con-boxed e-con e-child\" data-id=\"59b7112\" data-element_type=\"container\" data-e-type=\"container\" data-settings=\"{&quot;jet_parallax_layout_list&quot;:[]}\">\n\t\t\t\t\t<div class=\"e-con-inner\">\n\t\t\t\t<div class=\"elementor-element elementor-element-77d4975 elementor-widget elementor-widget-heading\" data-id=\"77d4975\" data-element_type=\"widget\" data-e-type=\"widget\" data-widget_type=\"heading.default\">\n\t\t\t\t<div class=\"elementor-widget-container\">\n\t\t\t\t\t<h2 class=\"elementor-heading-title elementor-size-default\">3. Mejora en la gesti\u00f3n<\/h2>\t\t\t\t<\/div>\n\t\t\t\t<\/div>\n\t\t\t\t<div class=\"elementor-element elementor-element-1126f27 elementor-widget elementor-widget-text-editor\" data-id=\"1126f27\" data-element_type=\"widget\" data-e-type=\"widget\" data-widget_type=\"text-editor.default\">\n\t\t\t\t<div class=\"elementor-widget-container\">\n\t\t\t\t\t\t\t\t\t<ul><li aria-level=\"2\"><b>Evaluaci\u00f3n y mejora continua<\/b><span style=\"font-weight: 400;\"><span style=\"font-weight: 400;\">: M\u00e1s que un sello de excelencia, la Certificaci\u00f3n de Empresa B es un s\u00edmbolo de mejora continua, dado que B Impact permite a las empresas medir y gestionar sus propias pr\u00e1cticas con el fin de ir aumentando cada vez m\u00e1s su impacto positivo en la sociedad.<br \/><br \/><\/span><\/span><p>\u00a0<\/p><\/li><li aria-level=\"2\"><b>Mayor resiliencia<\/b>: Empresas B suelen ser m\u00e1s sostenibles y resilientes en momentos de crisis debido a su enfoque de valor a largo plazo.<\/li><\/ul>\t\t\t\t\t\t\t\t<\/div>\n\t\t\t\t<\/div>\n\t\t\t\t\t<\/div>\n\t\t\t\t<\/div>\n\t\t\t\t\t\t\t\t<\/div>\n\t\t\t\t\t\t\t\t\t\t\t<div class=\"swiper-slide\" data-slide=\"4\" role=\"group\" aria-roledescription=\"slide\" aria-label=\"4 de 5\">\n\t\t\t\t\t\t\t<div class=\"elementor-element elementor-element-3dfe5bd e-flex e-con-boxed e-con e-child\" data-id=\"3dfe5bd\" data-element_type=\"container\" data-e-type=\"container\" data-settings=\"{&quot;jet_parallax_layout_list&quot;:[]}\">\n\t\t\t\t\t<div class=\"e-con-inner\">\n\t\t\t\t<div class=\"elementor-element elementor-element-0961eb8 elementor-widget elementor-widget-heading\" data-id=\"0961eb8\" data-element_type=\"widget\" data-e-type=\"widget\" data-widget_type=\"heading.default\">\n\t\t\t\t<div class=\"elementor-widget-container\">\n\t\t\t\t\t<h2 class=\"elementor-heading-title elementor-size-default\">4. Atracci\u00f3n de talento y capital<\/h2>\t\t\t\t<\/div>\n\t\t\t\t<\/div>\n\t\t\t\t<div class=\"elementor-element elementor-element-2902e83 elementor-widget elementor-widget-text-editor\" data-id=\"2902e83\" data-element_type=\"widget\" data-e-type=\"widget\" data-widget_type=\"text-editor.default\">\n\t\t\t\t<div class=\"elementor-widget-container\">\n\t\t\t\t\t\t\t\t\t<ul><li style=\"font-weight: 400;\" aria-level=\"2\"><b>Atracci\u00f3n y retenci\u00f3n de talento<\/b><span style=\"font-weight: 400;\">: Profesionales buscan trabajar en empresas con prop\u00f3sito, lo que mejora la cultura organizacional y reduce la rotaci\u00f3n de personal.<br \/><br \/><\/span><\/li><li style=\"font-weight: 400;\" aria-level=\"2\"><b>Inversi\u00f3n de impacto<\/b><span>: Fondos e inversionistas est\u00e1n cada vez m\u00e1s interesados en empresas con prop\u00f3sito, lo que facilita el acceso a capital alineado con valores sostenibles.<\/span><\/li><\/ul>\t\t\t\t\t\t\t\t<\/div>\n\t\t\t\t<\/div>\n\t\t\t\t\t<\/div>\n\t\t\t\t<\/div>\n\t\t\t\t\t\t\t\t<\/div>\n\t\t\t\t\t\t\t\t\t\t\t<div class=\"swiper-slide\" data-slide=\"5\" role=\"group\" aria-roledescription=\"slide\" aria-label=\"5 de 5\">\n\t\t\t\t\t\t\t<div class=\"elementor-element elementor-element-26dcbc6 e-flex e-con-boxed e-con e-child\" data-id=\"26dcbc6\" data-element_type=\"container\" data-e-type=\"container\" data-settings=\"{&quot;jet_parallax_layout_list&quot;:[]}\">\n\t\t\t\t\t<div class=\"e-con-inner\">\n\t\t\t\t<div class=\"elementor-element elementor-element-c9205c0 elementor-widget elementor-widget-heading\" data-id=\"c9205c0\" data-element_type=\"widget\" data-e-type=\"widget\" data-widget_type=\"heading.default\">\n\t\t\t\t<div class=\"elementor-widget-container\">\n\t\t\t\t\t<h2 class=\"elementor-heading-title elementor-size-default\">5. Protecci\u00f3n de la misi\u00f3n<\/h2>\t\t\t\t<\/div>\n\t\t\t\t<\/div>\n\t\t\t\t<div class=\"elementor-element elementor-element-72f00d3 elementor-widget elementor-widget-text-editor\" data-id=\"72f00d3\" data-element_type=\"widget\" data-e-type=\"widget\" data-widget_type=\"text-editor.default\">\n\t\t\t\t<div class=\"elementor-widget-container\">\n\t\t\t\t\t\t\t\t\t<ul><li style=\"font-weight: 400;\" aria-level=\"2\"><b>Compromiso legal a largo plazo: <\/b><span style=\"font-weight: 400;\"><span style=\"font-weight: 400;\">Las Empresas B deben modificar sus estatutos para considerar el impacto en todas sus partes interesadas, asegurando que su prop\u00f3sito no se diluya con el tiempo.<\/span><\/span><p>\u00a0<\/p><\/li><li style=\"font-weight: 400;\" aria-level=\"2\"><b>Sostenibilidad en la toma de decisiones:<\/b><span style=\"font-weight: 400;\"><span style=\"font-weight: 400;\"> La certificaci\u00f3n ayuda a blindar la misi\u00f3n de la empresa frente a cambios en la direcci\u00f3n, inversi\u00f3n o adquisici\u00f3n.<\/span><\/span><p>\u00a0<\/p><\/li><li style=\"font-weight: 400;\" aria-level=\"2\"><b>Mayor confianza de los grupos de inter\u00e9s: <\/b>Clientes, colaboradores e inversionistas pueden confiar en que la empresa mantendr\u00e1 su prop\u00f3sito social y ambiental m\u00e1s all\u00e1 de la certificaci\u00f3n.<\/li><\/ul>\t\t\t\t\t\t\t\t<\/div>\n\t\t\t\t<\/div>\n\t\t\t\t\t<\/div>\n\t\t\t\t<\/div>\n\t\t\t\t\t\t\t\t<\/div>\n\t\t\t\t\t\t\t\t<\/div>\n\t\t<\/div>\n\t\t\t\t\t<div class=\"elementor-swiper-button elementor-swiper-button-prev\" role=\"button\" tabindex=\"0\" aria-label=\"Anterior\">\n\t\t\t\t<svg aria-hidden=\"true\" class=\"e-font-icon-svg e-eicon-chevron-left\" viewBox=\"0 0 1000 1000\" xmlns=\"http:\/\/www.w3.org\/2000\/svg\"><path d=\"M646 125C629 125 613 133 604 142L308 442C296 454 292 471 292 487 292 504 296 521 308 533L604 854C617 867 629 875 646 875 663 875 679 871 692 858 704 846 713 829 713 812 713 796 708 779 692 767L438 487 692 225C700 217 708 204 708 187 708 171 704 154 692 142 675 129 663 125 646 125Z\"><\/path><\/svg>\t\t\t<\/div>\n\t\t\t<div class=\"elementor-swiper-button elementor-swiper-button-next\" role=\"button\" tabindex=\"0\" aria-label=\"Pr\u00f3ximo\">\n\t\t\t\t<svg aria-hidden=\"true\" class=\"e-font-icon-svg e-eicon-chevron-right\" viewBox=\"0 0 1000 1000\" xmlns=\"http:\/\/www.w3.org\/2000\/svg\"><path d=\"M696 533C708 521 713 504 713 487 713 471 708 454 696 446L400 146C388 133 375 125 354 125 338 125 325 129 313 142 300 154 292 171 292 187 292 204 296 221 308 233L563 492 304 771C292 783 288 800 288 817 288 833 296 850 308 863 321 871 338 875 354 875 371 875 388 867 400 854L696 533Z\"><\/path><\/svg>\t\t\t<\/div>\n\t\t\t\t\t<div class=\"swiper-pagination\"><\/div>\n\t\t\t\t\t\t<\/div>\n\t\t\t\t<\/div>\n\t\t\t\t<\/div>\n\t\t\t\t<\/div>\n\t\t<div class=\"elementor-element elementor-element-f9eebdc e-con-full e-flex e-con e-child\" data-id=\"f9eebdc\" data-element_type=\"container\" data-e-type=\"container\" data-settings=\"{&quot;background_background&quot;:&quot;classic&quot;,&quot;jet_parallax_layout_list&quot;:[]}\">\n\t\t\t\t<div class=\"elementor-element elementor-element-2089b6e elementor-widget__width-initial elementor-invisible elementor-widget elementor-widget-text-editor\" data-id=\"2089b6e\" data-element_type=\"widget\" data-e-type=\"widget\" data-settings=\"{&quot;_animation&quot;:&quot;fadeInUp&quot;,&quot;_animation_delay&quot;:400}\" data-widget_type=\"text-editor.default\">\n\t\t\t\t<div class=\"elementor-widget-container\">\n\t\t\t\t\t\t\t\t\t<p>*Los beneficios de la Certificaci\u00f3n de Empresa B pueden variar seg\u00fan el compromiso, la estrategia y las acciones que cada empresa implemente. La certificaci\u00f3n es una herramienta que abre oportunidades, pero su impacto depender\u00e1 del uso que cada empresa haga de ella.<\/p>\t\t\t\t\t\t\t\t<\/div>\n\t\t\t\t<\/div>\n\t\t\t\t<\/div>\n\t\t\t\t\t<\/div>\n\t\t\t\t<\/div>\n\t\t\t\t<\/div>\n\t\t","protected":false},"excerpt":{"rendered":"<p>Por qu\u00e9 certificar a mi empresa Innovaci\u00f3n con impacto Certificar tu empresa como Empresa B&#x2122; es una oportunidad para diferenciarte con un sello de confianza que valida tu compromiso con altos est\u00e1ndares sociales y ambientales. Al unirte a una comunidad global de empresas con prop\u00f3sito, accedes a oportunidades de colaboraci\u00f3n, aprendizaje y crecimiento. Adem\u00e1s, la [&hellip;]<\/p>\n","protected":false},"author":1,"featured_media":0,"parent":0,"menu_order":0,"comment_status":"closed","ping_status":"closed","template":"","meta":{"footnotes":""},"class_list":["post-1004","page","type-page","status-publish","hentry"],"_links":{"self":[{"href":"https:\/\/www.sistemab.org\/pt\/wp-json\/wp\/v2\/pages\/1004","targetHints":{"allow":["GET"]}}],"collection":[{"href":"https:\/\/www.sistemab.org\/pt\/wp-json\/wp\/v2\/pages"}],"about":[{"href":"https:\/\/www.sistemab.org\/pt\/wp-json\/wp\/v2\/types\/page"}],"author":[{"embeddable":true,"href":"https:\/\/www.sistemab.org\/pt\/wp-json\/wp\/v2\/users\/1"}],"replies":[{"embeddable":true,"href":"https:\/\/www.sistemab.org\/pt\/wp-json\/wp\/v2\/comments?post=1004"}],"version-history":[{"count":34,"href":"https:\/\/www.sistemab.org\/pt\/wp-json\/wp\/v2\/pages\/1004\/revisions"}],"predecessor-version":[{"id":9815,"href":"https:\/\/www.sistemab.org\/pt\/wp-json\/wp\/v2\/pages\/1004\/revisions\/9815"}],"wp:attachment":[{"href":"https:\/\/www.sistemab.org\/pt\/wp-json\/wp\/v2\/media?parent=1004"}],"curies":[{"name":"wp","href":"https:\/\/api.w.org\/{rel}","templated":true}]}}