{"id":10579,"date":"2026-04-07T19:21:13","date_gmt":"2026-04-07T19:21:13","guid":{"rendered":"https:\/\/www.sistemab.org\/?page_id=10579"},"modified":"2026-04-21T00:03:05","modified_gmt":"2026-04-21T00:03:05","slug":"precios-para-nuevas-empresas","status":"publish","type":"page","link":"https:\/\/www.sistemab.org\/pt\/precos-para-novas-empresas\/","title":{"rendered":"Pre\u00e7os para Novas Empresas"},"content":{"rendered":"<div data-elementor-type=\"wp-page\" data-elementor-id=\"10579\" class=\"elementor elementor-10579\" data-elementor-post-type=\"page\">\n\t\t\t\t<div class=\"elementor-element elementor-element-d24b14a e-flex e-con-boxed e-con e-parent\" data-id=\"d24b14a\" data-element_type=\"container\" data-e-type=\"container\" data-settings=\"{&quot;jet_parallax_layout_list&quot;:[],&quot;background_background&quot;:&quot;classic&quot;}\">\n\t\t\t\t\t<div class=\"e-con-inner\">\n\t\t<div class=\"elementor-element elementor-element-8a0b32b e-con-full e-flex e-con e-child\" data-id=\"8a0b32b\" data-element_type=\"container\" data-e-type=\"container\" data-settings=\"{&quot;jet_parallax_layout_list&quot;:[]}\">\n\t\t\t\t<div class=\"elementor-element elementor-element-679cc20 elementor-widget__width-inherit elementor-invisible elementor-widget elementor-widget-heading\" data-id=\"679cc20\" data-element_type=\"widget\" data-e-type=\"widget\" data-settings=\"{&quot;_animation&quot;:&quot;fadeInLeft&quot;}\" data-widget_type=\"heading.default\">\n\t\t\t\t<div class=\"elementor-widget-container\">\n\t\t\t\t\t<h2 class=\"elementor-heading-title elementor-size-default\">Pre\u00e7os para novas empresas<\/h2>\t\t\t\t<\/div>\n\t\t\t\t<\/div>\n\t\t\t\t<div class=\"elementor-element elementor-element-96dbdd2 elementor-widget__width-initial elementor-invisible elementor-widget elementor-widget-text-editor\" data-id=\"96dbdd2\" data-element_type=\"widget\" data-e-type=\"widget\" data-settings=\"{&quot;_animation&quot;:&quot;fadeInUp&quot;,&quot;_animation_delay&quot;:600}\" data-widget_type=\"text-editor.default\">\n\t\t\t\t<div class=\"elementor-widget-container\">\n\t\t\t\t\t\t\t\t\t<p>Se voc\u00ea est\u00e1 prestes a iniciar o caminho para a certifica\u00e7\u00e3o pela primeira vez, este \u00e9 o lugar para entender como seu investimento funciona.<\/p><p>O Movimento B est\u00e1 evoluindo e, com a chegada dos <b>Novos padr\u00f5es de laborat\u00f3rio B<\/b><span style=\"background-color: transparent; color: #000000; font-family: 'Helvetica Neue', sans-serif; font-size: 11pt; white-space: pre-wrap;\">\u2122<\/span>(Vers\u00e3o 2), n\u00e3o estamos apenas elevando o n\u00edvel do que significa ser uma Empresa B Certificada, estamos tamb\u00e9m elevando o n\u00edvel do que significa ser uma Empresa B Certificada.<span style=\"background-color: transparent; color: #000000; font-family: 'Helvetica Neue', sans-serif; font-size: 11pt; white-space: pre-wrap;\">\u2122<\/span>, Em vez disso, estamos transformando o processo para torn\u00e1-lo mais robusto, rigoroso e de acordo com os mais altos padr\u00f5es internacionais.<\/p>\t\t\t\t\t\t\t\t<\/div>\n\t\t\t\t<\/div>\n\t\t\t\t<\/div>\n\t\t\t\t<div class=\"elementor-element elementor-element-f5a73a0 elementor-absolute elementor-widget elementor-widget-jet-inline-svg\" data-id=\"f5a73a0\" data-element_type=\"widget\" data-e-type=\"widget\" data-settings=\"{&quot;_position&quot;:&quot;absolute&quot;}\" data-widget_type=\"jet-inline-svg.default\">\n\t\t\t\t<div class=\"elementor-widget-container\">\n\t\t\t\t\t<div class=\"elementor-jet-inline-svg jet-elements\"><div class=\"jet-inline-svg__wrapper\"><div class=\"jet-inline-svg jet-inline-svg--custom-width\"><div class=\"jet-inline-svg__inner\"><?xml version=\"1.0\" encoding=\"UTF-8\"?>\n<svg xmlns=\"http:\/\/www.w3.org\/2000\/svg\" width=\"589\" height=\"569\" viewbox=\"0 0 589 569\" fill=\"none\">\n  <rect width=\"589\" height=\"569\" rx=\"284.5\" fill=\"#FFEAAA\"><\/rect>\n<\/svg>\n<\/div><\/div><\/div><\/div>\t\t\t\t<\/div>\n\t\t\t\t<\/div>\n\t\t\t\t\t<\/div>\n\t\t\t\t<\/div>\n\t\t<div class=\"elementor-element elementor-element-ca04edd e-flex e-con-boxed e-con e-parent\" data-id=\"ca04edd\" data-element_type=\"container\" data-e-type=\"container\" data-settings=\"{&quot;jet_parallax_layout_list&quot;:[],&quot;background_background&quot;:&quot;classic&quot;}\">\n\t\t\t\t\t<div class=\"e-con-inner\">\n\t\t<div class=\"elementor-element elementor-element-afe13d3 e-con-full e-flex elementor-invisible e-con e-child\" data-id=\"afe13d3\" data-element_type=\"container\" data-e-type=\"container\" data-settings=\"{&quot;background_background&quot;:&quot;classic&quot;,&quot;jet_parallax_layout_list&quot;:[],&quot;animation&quot;:&quot;zoomIn&quot;,&quot;animation_delay&quot;:200}\">\n\t\t\t\t<\/div>\n\t\t<div class=\"elementor-element elementor-element-912c805 e-con-full e-flex e-con e-child\" data-id=\"912c805\" data-element_type=\"container\" data-e-type=\"container\" data-settings=\"{&quot;jet_parallax_layout_list&quot;:[]}\">\n\t\t\t\t<div class=\"elementor-element elementor-element-f807856 elementor-invisible elementor-widget elementor-widget-image\" data-id=\"f807856\" data-element_type=\"widget\" data-e-type=\"widget\" data-settings=\"{&quot;_animation&quot;:&quot;fadeInLeft&quot;,&quot;_animation_delay&quot;:200}\" data-widget_type=\"image.default\">\n\t\t\t\t<div class=\"elementor-widget-container\">\n\t\t\t\t\t\t\t\t\t\t\t\t\t\t\t<img decoding=\"async\" width=\"126\" height=\"12\" src=\"https:\/\/www.sistemab.org\/wp-content\/uploads\/2024\/12\/vector-2.png\" class=\"attachment-full size-full wp-image-434\" alt=\"\" srcset=\"https:\/\/www.sistemab.org\/wp-content\/uploads\/2024\/12\/vector-2.png 126w, https:\/\/www.sistemab.org\/wp-content\/uploads\/2024\/12\/vector-2-18x2.png 18w\" sizes=\"(max-width: 126px) 100vw, 126px\" \/>\t\t\t\t\t\t\t\t\t\t\t\t\t\t\t<\/div>\n\t\t\t\t<\/div>\n\t\t\t\t<div class=\"elementor-element elementor-element-7a691dd elementor-widget__width-initial elementor-invisible elementor-widget elementor-widget-heading\" data-id=\"7a691dd\" data-element_type=\"widget\" data-e-type=\"widget\" data-settings=\"{&quot;_animation&quot;:&quot;fadeInLeft&quot;,&quot;_animation_delay&quot;:400}\" data-widget_type=\"heading.default\">\n\t\t\t\t<div class=\"elementor-widget-container\">\n\t\t\t\t\t<h2 class=\"elementor-heading-title elementor-size-default\">Como funciona este novo processo?<\/h2>\t\t\t\t<\/div>\n\t\t\t\t<\/div>\n\t\t\t\t<div class=\"elementor-element elementor-element-c7237b4 elementor-widget__width-initial elementor-invisible elementor-widget elementor-widget-text-editor\" data-id=\"c7237b4\" data-element_type=\"widget\" data-e-type=\"widget\" data-settings=\"{&quot;_animation&quot;:&quot;fadeInLeft&quot;,&quot;_animation_delay&quot;:600}\" data-widget_type=\"text-editor.default\">\n\t\t\t\t<div class=\"elementor-widget-container\">\n\t\t\t\t\t\t\t\t\t<p>Certifica\u00e7\u00e3o da Empresa B<span style=\"background-color: transparent; color: rgb(0, 0, 0); font-family: &quot;Helvetica Neue&quot;, sans-serif; font-size: 11pt; white-space: pre-wrap;\">\u2122<\/span>&nbsp;evolui para um ciclo de 5 anos, projetado para se adaptar melhor aos tempos de transforma\u00e7\u00e3o das organiza\u00e7\u00f5es. Diferentemente do modelo anterior, esse novo caminho estabelece marcos de progresso nos Anos 0, 3 e 5, o que nos permite acompanh\u00e1-lo em um processo de aprimoramento muito mais profundo, s\u00f3lido e sustentado ao longo do tempo.<\/p>\n<p>E para elevar ainda mais o n\u00edvel de transpar\u00eancia, a verifica\u00e7\u00e3o est\u00e1 agora nas m\u00e3os de \u00f3rg\u00e3os externos credenciados, totalmente independentes do B Lab e do Sistema B.<span style=\"background-color: transparent; color: rgb(0, 0, 0); font-family: &quot;Helvetica Neue&quot;, sans-serif; font-size: 11pt; white-space: pre-wrap;\">\u2122<\/span>. Essa mudan\u00e7a n\u00e3o apenas garante total objetividade na auditoria, mas tamb\u00e9m confere ao seu impacto uma camada extra de credibilidade e rigor nos mercados mais exigentes.<\/p>\t\t\t\t\t\t\t\t<\/div>\n\t\t\t\t<\/div>\n\t\t\t\t<\/div>\n\t\t\t\t\t<\/div>\n\t\t\t\t<\/div>\n\t\t<div class=\"elementor-element elementor-element-9c48c85 e-flex e-con-boxed e-con e-parent\" data-id=\"9c48c85\" data-element_type=\"container\" data-e-type=\"container\" data-settings=\"{&quot;jet_parallax_layout_list&quot;:[]}\">\n\t\t\t\t\t<div class=\"e-con-inner\">\n\t\t\t\t<div class=\"elementor-element elementor-element-6b96ff4 elementor-widget-divider--view-line elementor-widget elementor-widget-divider\" data-id=\"6b96ff4\" data-element_type=\"widget\" data-e-type=\"widget\" data-widget_type=\"divider.default\">\n\t\t\t\t<div class=\"elementor-widget-container\">\n\t\t\t\t\t\t\t<div class=\"elementor-divider\">\n\t\t\t<span class=\"elementor-divider-separator\">\n\t\t\t\t\t\t<\/span>\n\t\t<\/div>\n\t\t\t\t\t\t<\/div>\n\t\t\t\t<\/div>\n\t\t\t\t\t<\/div>\n\t\t\t\t<\/div>\n\t\t<div class=\"elementor-element elementor-element-02020dd e-flex e-con-boxed e-con e-parent\" data-id=\"02020dd\" data-element_type=\"container\" data-e-type=\"container\" data-settings=\"{&quot;jet_parallax_layout_list&quot;:[]}\">\n\t\t\t\t\t<div class=\"e-con-inner\">\n\t\t\t\t<div class=\"elementor-element elementor-element-2a24b50 elementor-widget__width-inherit elementor-invisible elementor-widget elementor-widget-heading\" data-id=\"2a24b50\" data-element_type=\"widget\" data-e-type=\"widget\" data-settings=\"{&quot;_animation&quot;:&quot;fadeInLeft&quot;,&quot;_animation_delay&quot;:200}\" data-widget_type=\"heading.default\">\n\t\t\t\t<div class=\"elementor-widget-container\">\n\t\t\t\t\t<h2 class=\"elementor-heading-title elementor-size-default\">Estrutura de Investimento - Ano 0<\/h2>\t\t\t\t<\/div>\n\t\t\t\t<\/div>\n\t\t\t\t<div class=\"elementor-element elementor-element-c002bf1 elementor-widget__width-initial elementor-invisible elementor-widget elementor-widget-text-editor\" data-id=\"c002bf1\" data-element_type=\"widget\" data-e-type=\"widget\" data-settings=\"{&quot;_animation&quot;:&quot;fadeInUp&quot;,&quot;_animation_delay&quot;:400}\" data-widget_type=\"text-editor.default\">\n\t\t\t\t<div class=\"elementor-widget-container\">\n\t\t\t\t\t\t\t\t\t<p>A seguir, detalhamos os custos iniciais de acordo com sua faixa de faturamento. Nos anos seguintes, voc\u00ea continuar\u00e1 com seu <i>taxa <\/i>anual e, dependendo do seu tamanho, <i>taxas <\/i>de verifica\u00e7\u00e3o iguais ou inferiores aos do primeiro ano.<\/p>\t\t\t\t\t\t\t\t<\/div>\n\t\t\t\t<\/div>\n\t\t\t\t<div class=\"elementor-element elementor-element-b77a186 elementor-widget__width-initial elementor-widget elementor-widget-jet-dynamic-table\" data-id=\"b77a186\" data-element_type=\"widget\" data-e-type=\"widget\" data-widget_type=\"jet-dynamic-table.default\">\n\t\t\t\t<div class=\"elementor-widget-container\">\n\t\t\t\t\t<style><\/style><div class=\"jet-dynamic-table-wrapper\" style=\"max-width: 100%; overflow: auto;\"><table class=\"jet-dynamic-table\" data-table-id=\"14\" data-query-id=\"13\"><thead class=\"jet-dynamic-table__header\"><tr class=\"jet-dynamic-table__row jet-dynamic-table__row--header\" ><th class=\"jet-dynamic-table__col jet-dynamic-table__col--rango\" >Comida<\/th><th class=\"jet-dynamic-table__col jet-dynamic-table__col--rangosdefacturacinusd\" >Faixas de Faturamento (USD)<\/th><th class=\"jet-dynamic-table__col jet-dynamic-table__col--feedeverificacinao0usd\" >Taxa de verifica\u00e7\u00e3o Ano 0 (USD)<\/th><th class=\"jet-dynamic-table__col jet-dynamic-table__col--feedecertificacinao0usd\" >Taxa de certifica\u00e7\u00e3o Ano 0 (USD)<\/th><\/tr><\/thead><tbody class=\"jet-dynamic-table__body\"><tr class=\"jet-dynamic-table__row jet-dynamic-table__row--header\" data-item-object=\"54\"><td class=\"jet-dynamic-table__col jet-dynamic-table__col--rango\" >Rango 1<\/td><td class=\"jet-dynamic-table__col jet-dynamic-table__col--rangosdefacturacinusd\" >0 - EUA$499.999<\/td><td class=\"jet-dynamic-table__col jet-dynamic-table__col--feedeverificacinao0usd\" >900<\/td><td class=\"jet-dynamic-table__col jet-dynamic-table__col--feedecertificacinao0usd\" >800<\/td><\/tr><tr class=\"jet-dynamic-table__row jet-dynamic-table__row--header\" data-item-object=\"53\"><td class=\"jet-dynamic-table__col jet-dynamic-table__col--rango\" >Rango 2<\/td><td class=\"jet-dynamic-table__col jet-dynamic-table__col--rangosdefacturacinusd\" >EUA$500.000 - EUA$999.999<\/td><td class=\"jet-dynamic-table__col jet-dynamic-table__col--feedeverificacinao0usd\" >900<\/td><td class=\"jet-dynamic-table__col jet-dynamic-table__col--feedecertificacinao0usd\" >1.050<\/td><\/tr><tr class=\"jet-dynamic-table__row jet-dynamic-table__row--header\" data-item-object=\"52\"><td class=\"jet-dynamic-table__col jet-dynamic-table__col--rango\" >Rango 3<\/td><td class=\"jet-dynamic-table__col jet-dynamic-table__col--rangosdefacturacinusd\" >EUA$1 MM - EUA$1.999.999<\/td><td class=\"jet-dynamic-table__col jet-dynamic-table__col--feedeverificacinao0usd\" >900<\/td><td class=\"jet-dynamic-table__col jet-dynamic-table__col--feedecertificacinao0usd\" >1.250<\/td><\/tr><tr class=\"jet-dynamic-table__row jet-dynamic-table__row--header\" data-item-object=\"51\"><td class=\"jet-dynamic-table__col jet-dynamic-table__col--rango\" >Rango 4<\/td><td class=\"jet-dynamic-table__col jet-dynamic-table__col--rangosdefacturacinusd\" >EU$2 MM - UE$4.999.999<\/td><td class=\"jet-dynamic-table__col jet-dynamic-table__col--feedeverificacinao0usd\" >1.400<\/td><td class=\"jet-dynamic-table__col jet-dynamic-table__col--feedecertificacinao0usd\" >1.750<\/td><\/tr><tr class=\"jet-dynamic-table__row jet-dynamic-table__row--header\" data-item-object=\"50\"><td class=\"jet-dynamic-table__col jet-dynamic-table__col--rango\" >Rango 5<\/td><td class=\"jet-dynamic-table__col jet-dynamic-table__col--rangosdefacturacinusd\" >US$5MM - US$7.499.999<\/td><td class=\"jet-dynamic-table__col jet-dynamic-table__col--feedeverificacinao0usd\" >1.400<\/td><td class=\"jet-dynamic-table__col jet-dynamic-table__col--feedecertificacinao0usd\" >2.900<\/td><\/tr><tr class=\"jet-dynamic-table__row jet-dynamic-table__row--header\" data-item-object=\"49\"><td class=\"jet-dynamic-table__col jet-dynamic-table__col--rango\" >Rango 6<\/td><td class=\"jet-dynamic-table__col jet-dynamic-table__col--rangosdefacturacinusd\" >US$7.5MM - US$9.999.999<\/td><td class=\"jet-dynamic-table__col jet-dynamic-table__col--feedeverificacinao0usd\" >1.400<\/td><td class=\"jet-dynamic-table__col jet-dynamic-table__col--feedecertificacinao0usd\" >3.450<\/td><\/tr><tr class=\"jet-dynamic-table__row jet-dynamic-table__row--header\" data-item-object=\"48\"><td class=\"jet-dynamic-table__col jet-dynamic-table__col--rango\" >Rango 7<\/td><td class=\"jet-dynamic-table__col jet-dynamic-table__col--rangosdefacturacinusd\" >US$10MM - US$14.999.999<\/td><td class=\"jet-dynamic-table__col jet-dynamic-table__col--feedeverificacinao0usd\" >3.450<\/td><td class=\"jet-dynamic-table__col jet-dynamic-table__col--feedecertificacinao0usd\" >3.900<\/td><\/tr><tr class=\"jet-dynamic-table__row jet-dynamic-table__row--header\" data-item-object=\"47\"><td class=\"jet-dynamic-table__col jet-dynamic-table__col--rango\" >Rango 8<\/td><td class=\"jet-dynamic-table__col jet-dynamic-table__col--rangosdefacturacinusd\" >US$15MM - US$19.999.999<\/td><td class=\"jet-dynamic-table__col jet-dynamic-table__col--feedeverificacinao0usd\" >3.450<\/td><td class=\"jet-dynamic-table__col jet-dynamic-table__col--feedecertificacinao0usd\" >6.750<\/td><\/tr><tr class=\"jet-dynamic-table__row jet-dynamic-table__row--header\" data-item-object=\"46\"><td class=\"jet-dynamic-table__col jet-dynamic-table__col--rango\" >Rango 9<\/td><td class=\"jet-dynamic-table__col jet-dynamic-table__col--rangosdefacturacinusd\" >EUA$20MM - EUA$29.999.999<\/td><td class=\"jet-dynamic-table__col jet-dynamic-table__col--feedeverificacinao0usd\" >3.450<\/td><td class=\"jet-dynamic-table__col jet-dynamic-table__col--feedecertificacinao0usd\" >9.450<\/td><\/tr><tr class=\"jet-dynamic-table__row jet-dynamic-table__row--header\" data-item-object=\"45\"><td class=\"jet-dynamic-table__col jet-dynamic-table__col--rango\" >Rango 10<\/td><td class=\"jet-dynamic-table__col jet-dynamic-table__col--rangosdefacturacinusd\" >EUA$30MM - EUA$49.999.999<\/td><td class=\"jet-dynamic-table__col jet-dynamic-table__col--feedeverificacinao0usd\" >3.450<\/td><td class=\"jet-dynamic-table__col jet-dynamic-table__col--feedecertificacinao0usd\" >11.950<\/td><\/tr><tr class=\"jet-dynamic-table__row jet-dynamic-table__row--header\" data-item-object=\"44\"><td class=\"jet-dynamic-table__col jet-dynamic-table__col--rango\" >Rango 11<\/td><td class=\"jet-dynamic-table__col jet-dynamic-table__col--rangosdefacturacinusd\" >EUA$50MM - EUA$74.999.999<\/td><td class=\"jet-dynamic-table__col jet-dynamic-table__col--feedeverificacinao0usd\" >3.450<\/td><td class=\"jet-dynamic-table__col jet-dynamic-table__col--feedecertificacinao0usd\" >17.150<\/td><\/tr><tr class=\"jet-dynamic-table__row jet-dynamic-table__row--header\" data-item-object=\"43\"><td class=\"jet-dynamic-table__col jet-dynamic-table__col--rango\" >Rango 12<\/td><td class=\"jet-dynamic-table__col jet-dynamic-table__col--rangosdefacturacinusd\" >EUA$75MM - EUA$99.999.999<\/td><td class=\"jet-dynamic-table__col jet-dynamic-table__col--feedeverificacinao0usd\" >8.150<\/td><td class=\"jet-dynamic-table__col jet-dynamic-table__col--feedecertificacinao0usd\" >21.200<\/td><\/tr><tr class=\"jet-dynamic-table__row jet-dynamic-table__row--header\" data-item-object=\"42\"><td class=\"jet-dynamic-table__col jet-dynamic-table__col--rango\" >Rango 13<\/td><td class=\"jet-dynamic-table__col jet-dynamic-table__col--rangosdefacturacinusd\" >EUA$100MM - EUA$174.999.999<\/td><td class=\"jet-dynamic-table__col jet-dynamic-table__col--feedeverificacinao0usd\" >8.150<\/td><td class=\"jet-dynamic-table__col jet-dynamic-table__col--feedecertificacinao0usd\" >26.600<\/td><\/tr><tr class=\"jet-dynamic-table__row jet-dynamic-table__row--header\" data-item-object=\"41\"><td class=\"jet-dynamic-table__col jet-dynamic-table__col--rango\" >14 por\u00e7\u00f5es<\/td><td class=\"jet-dynamic-table__col jet-dynamic-table__col--rangosdefacturacinusd\" >EUA$175MM - EUA$349.999.999<\/td><td class=\"jet-dynamic-table__col jet-dynamic-table__col--feedeverificacinao0usd\" >8.150<\/td><td class=\"jet-dynamic-table__col jet-dynamic-table__col--feedecertificacinao0usd\" >31.600<\/td><\/tr><tr class=\"jet-dynamic-table__row jet-dynamic-table__row--header\" data-item-object=\"40\"><td class=\"jet-dynamic-table__col jet-dynamic-table__col--rango\" >Rango 15<\/td><td class=\"jet-dynamic-table__col jet-dynamic-table__col--rangosdefacturacinusd\" >US$350MM - US$499.999.999<\/td><td class=\"jet-dynamic-table__col jet-dynamic-table__col--feedeverificacinao0usd\" >10.350<\/td><td class=\"jet-dynamic-table__col jet-dynamic-table__col--feedecertificacinao0usd\" >34.450<\/td><\/tr><tr class=\"jet-dynamic-table__row jet-dynamic-table__row--header\" data-item-object=\"39\"><td class=\"jet-dynamic-table__col jet-dynamic-table__col--rango\" >Rango 16<\/td><td class=\"jet-dynamic-table__col jet-dynamic-table__col--rangosdefacturacinusd\" >EUA$500MM - EUA$749.999.999<\/td><td class=\"jet-dynamic-table__col jet-dynamic-table__col--feedeverificacinao0usd\" >10.350<\/td><td class=\"jet-dynamic-table__col jet-dynamic-table__col--feedecertificacinao0usd\" >39.850<\/td><\/tr><tr class=\"jet-dynamic-table__row jet-dynamic-table__row--header\" data-item-object=\"38\"><td class=\"jet-dynamic-table__col jet-dynamic-table__col--rango\" >Rango 17<\/td><td class=\"jet-dynamic-table__col jet-dynamic-table__col--rangosdefacturacinusd\" >NOS$750MM - NOS$999.999.999<\/td><td class=\"jet-dynamic-table__col jet-dynamic-table__col--feedeverificacinao0usd\" >10.350<\/td><td class=\"jet-dynamic-table__col jet-dynamic-table__col--feedecertificacinao0usd\" >44.850<\/td><\/tr><\/tbody><\/table><\/div>\t\t\t\t<\/div>\n\t\t\t\t<\/div>\n\t\t\t\t<div class=\"elementor-element elementor-element-a7de3da elementor-widget__width-inherit elementor-invisible elementor-widget elementor-widget-text-editor\" data-id=\"a7de3da\" data-element_type=\"widget\" data-e-type=\"widget\" data-settings=\"{&quot;_animation&quot;:&quot;fadeInUp&quot;}\" data-widget_type=\"text-editor.default\">\n\t\t\t\t<div class=\"elementor-widget-container\">\n\t\t\t\t\t\t\t\t\t<p>Empresas com m\u00faltiplos locais podem exigir auditorias presenciais em alguns casos. Esses custos ser\u00e3o cotados diretamente pela entidade auditora.<\/p>\t\t\t\t\t\t\t\t<\/div>\n\t\t\t\t<\/div>\n\t\t\t\t<div class=\"elementor-element elementor-element-b13ffaf elementor-widget__width-inherit elementor-invisible elementor-widget elementor-widget-text-editor\" data-id=\"b13ffaf\" data-element_type=\"widget\" data-e-type=\"widget\" data-settings=\"{&quot;_animation&quot;:&quot;fadeInUp&quot;}\" data-widget_type=\"text-editor.default\">\n\t\t\t\t<div class=\"elementor-widget-container\">\n\t\t\t\t\t\t\t\t\t<p>As empresas que faturam mais de US$1 bilh\u00e3o anualmente devem <strong><span style=\"text-decoration: underline;\"><a href=\"https:\/\/www.sistemab.org\/pt\/contato\/\" target=\"_blank\" rel=\"noopener\">contate-nos diretamente<\/a><\/span><\/strong><\/p>\t\t\t\t\t\t\t\t<\/div>\n\t\t\t\t<\/div>\n\t\t\t\t\t<\/div>\n\t\t\t\t<\/div>\n\t\t\t\t<\/div>","protected":false},"excerpt":{"rendered":"<p>Precios para nuevas empresas Si est\u00e1s por iniciar el camino hacia la certificaci\u00f3n por primera vez, este es el lugar para entender c\u00f3mo funciona tu inversi\u00f3n. El Movimiento B est\u00e1 evolucionando y, con la llegada de los nuevos Est\u00e1ndares de B Lab&#x2122;(Versi\u00f3n 2), no s\u00f3lo estamos elevando la vara de lo que significa ser una [&hellip;]<\/p>\n","protected":false},"author":1,"featured_media":0,"parent":0,"menu_order":0,"comment_status":"closed","ping_status":"closed","template":"","meta":{"footnotes":""},"class_list":["post-10579","page","type-page","status-publish","hentry"],"_links":{"self":[{"href":"https:\/\/www.sistemab.org\/pt\/wp-json\/wp\/v2\/pages\/10579","targetHints":{"allow":["GET"]}}],"collection":[{"href":"https:\/\/www.sistemab.org\/pt\/wp-json\/wp\/v2\/pages"}],"about":[{"href":"https:\/\/www.sistemab.org\/pt\/wp-json\/wp\/v2\/types\/page"}],"author":[{"embeddable":true,"href":"https:\/\/www.sistemab.org\/pt\/wp-json\/wp\/v2\/users\/1"}],"replies":[{"embeddable":true,"href":"https:\/\/www.sistemab.org\/pt\/wp-json\/wp\/v2\/comments?post=10579"}],"version-history":[{"count":100,"href":"https:\/\/www.sistemab.org\/pt\/wp-json\/wp\/v2\/pages\/10579\/revisions"}],"predecessor-version":[{"id":11605,"href":"https:\/\/www.sistemab.org\/pt\/wp-json\/wp\/v2\/pages\/10579\/revisions\/11605"}],"wp:attachment":[{"href":"https:\/\/www.sistemab.org\/pt\/wp-json\/wp\/v2\/media?parent=10579"}],"curies":[{"name":"wp","href":"https:\/\/api.w.org\/{rel}","templated":true}]}}