{"id":1462,"date":"2025-01-22T19:35:35","date_gmt":"2025-01-22T19:35:35","guid":{"rendered":"https:\/\/sistemab.girolabs.tech\/?page_id=1462"},"modified":"2026-01-28T15:32:53","modified_gmt":"2026-01-28T15:32:53","slug":"evaluacion-de-impacto-b","status":"publish","type":"page","link":"https:\/\/www.sistemab.org\/pt\/avaliacao-de-impacto-b\/","title":{"rendered":"Avalia\u00e7\u00e3o de impacto B"},"content":{"rendered":"<div data-elementor-type=\"wp-page\" data-elementor-id=\"1462\" class=\"elementor elementor-1462\" data-elementor-post-type=\"page\">\n\t\t\t\t<div class=\"elementor-element elementor-element-3e527a1 e-flex e-con-boxed e-con e-parent\" data-id=\"3e527a1\" data-element_type=\"container\" data-e-type=\"container\" data-settings=\"{&quot;background_background&quot;:&quot;classic&quot;,&quot;jet_parallax_layout_list&quot;:[]}\">\n\t\t\t\t\t<div class=\"e-con-inner\">\n\t\t\t\t<div class=\"elementor-element elementor-element-a002528 elementor-widget__width-initial elementor-invisible elementor-widget elementor-widget-heading\" data-id=\"a002528\" data-element_type=\"widget\" data-e-type=\"widget\" data-settings=\"{&quot;_animation&quot;:&quot;fadeInRight&quot;,&quot;_animation_delay&quot;:200}\" data-widget_type=\"heading.default\">\n\t\t\t\t<div class=\"elementor-widget-container\">\n\t\t\t\t\t<h2 class=\"elementor-heading-title elementor-size-default\">Avalia\u00e7\u00e3o de Impacto B<\/h2>\t\t\t\t<\/div>\n\t\t\t\t<\/div>\n\t\t\t\t\t<\/div>\n\t\t\t\t<\/div>\n\t\t<div class=\"elementor-element elementor-element-1d73985 e-flex e-con-boxed e-con e-parent\" data-id=\"1d73985\" data-element_type=\"container\" data-e-type=\"container\" data-settings=\"{&quot;jet_parallax_layout_list&quot;:[]}\">\n\t\t\t\t\t<div class=\"e-con-inner\">\n\t\t<div class=\"elementor-element elementor-element-7d5f710 e-con-full e-flex e-con e-child\" data-id=\"7d5f710\" data-element_type=\"container\" data-e-type=\"container\" data-settings=\"{&quot;jet_parallax_layout_list&quot;:[]}\">\n\t\t\t\t<div class=\"elementor-element elementor-element-95656be elementor-invisible elementor-widget elementor-widget-image\" data-id=\"95656be\" data-element_type=\"widget\" data-e-type=\"widget\" data-settings=\"{&quot;_animation&quot;:&quot;fadeInLeft&quot;,&quot;_animation_delay&quot;:200}\" data-widget_type=\"image.default\">\n\t\t\t\t<div class=\"elementor-widget-container\">\n\t\t\t\t\t\t\t\t\t\t\t\t\t\t\t<img decoding=\"async\" width=\"126\" height=\"12\" src=\"https:\/\/www.sistemab.org\/wp-content\/uploads\/2024\/12\/vector-2.png\" class=\"attachment-full size-full wp-image-434\" alt=\"\" srcset=\"https:\/\/www.sistemab.org\/wp-content\/uploads\/2024\/12\/vector-2.png 126w, https:\/\/www.sistemab.org\/wp-content\/uploads\/2024\/12\/vector-2-18x2.png 18w\" sizes=\"(max-width: 126px) 100vw, 126px\" \/>\t\t\t\t\t\t\t\t\t\t\t\t\t\t\t<\/div>\n\t\t\t\t<\/div>\n\t\t\t\t<div class=\"elementor-element elementor-element-5931636 elementor-widget__width-inherit elementor-invisible elementor-widget elementor-widget-heading\" data-id=\"5931636\" data-element_type=\"widget\" data-e-type=\"widget\" data-settings=\"{&quot;_animation&quot;:&quot;fadeInLeft&quot;}\" data-widget_type=\"heading.default\">\n\t\t\t\t<div class=\"elementor-widget-container\">\n\t\t\t\t\t<h2 class=\"elementor-heading-title elementor-size-default\">Gerencie o impacto de seus neg\u00f3cios com a Avalia\u00e7\u00e3o de Impacto B\u2122.<\/h2>\t\t\t\t<\/div>\n\t\t\t\t<\/div>\n\t\t\t\t<div class=\"elementor-element elementor-element-b98910e elementor-widget__width-initial elementor-invisible elementor-widget elementor-widget-text-editor\" data-id=\"b98910e\" data-element_type=\"widget\" data-e-type=\"widget\" data-settings=\"{&quot;_animation&quot;:&quot;fadeInLeft&quot;,&quot;_animation_delay&quot;:200}\" data-widget_type=\"text-editor.default\">\n\t\t\t\t<div class=\"elementor-widget-container\">\n\t\t\t\t\t\t\t\t\t<p>Para embarcar no caminho do gerenciamento de impacto, as empresas precisam medir sua pegada ambiental e social com o mesmo rigor com que gerenciam seus indicadores financeiros, a partir de uma perspectiva hol\u00edstica e considerando o impacto sobre todas as partes interessadas. Desde 2007, estamos desenvolvendo ferramentas gratuitas e de acesso aberto para apoiar as empresas nessa primeira etapa.<\/p>\t\t\t\t\t\t\t\t<\/div>\n\t\t\t\t<\/div>\n\t\t\t\t<\/div>\n\t\t<div class=\"elementor-element elementor-element-9a2a2cf e-con-full e-flex elementor-invisible e-con e-child\" data-id=\"9a2a2cf\" data-element_type=\"container\" data-e-type=\"container\" data-settings=\"{&quot;background_background&quot;:&quot;classic&quot;,&quot;jet_parallax_layout_list&quot;:[],&quot;animation&quot;:&quot;zoomIn&quot;,&quot;animation_delay&quot;:400}\">\n\t\t\t\t<div class=\"elementor-element elementor-element-866ea1f elementor-absolute elementor-invisible elementor-widget elementor-widget-jet-inline-svg\" data-id=\"866ea1f\" data-element_type=\"widget\" data-e-type=\"widget\" data-settings=\"{&quot;_position&quot;:&quot;absolute&quot;,&quot;_animation&quot;:&quot;rotateInDownRight&quot;,&quot;_animation_delay&quot;:600}\" data-widget_type=\"jet-inline-svg.default\">\n\t\t\t\t<div class=\"elementor-widget-container\">\n\t\t\t\t\t<div class=\"elementor-jet-inline-svg jet-elements\"><div class=\"jet-inline-svg__wrapper\"><div class=\"jet-inline-svg jet-inline-svg--custom-color\"><div class=\"jet-inline-svg__inner\"><?xml version=\"1.0\" encoding=\"UTF-8\"?>\n<svg xmlns=\"http:\/\/www.w3.org\/2000\/svg\" width=\"137\" height=\"133\" viewbox=\"0 0 137 133\" fill=\"none\">\n  <rect width=\"137\" height=\"132.356\" rx=\"66.178\" fill=\"currentColor\"><\/rect>\n<\/svg>\n<\/div><\/div><\/div><\/div>\t\t\t\t<\/div>\n\t\t\t\t<\/div>\n\t\t\t\t<\/div>\n\t\t\t\t\t<\/div>\n\t\t\t\t<\/div>\n\t\t<div class=\"elementor-element elementor-element-999616c e-flex e-con-boxed e-con e-parent\" data-id=\"999616c\" data-element_type=\"container\" data-e-type=\"container\" data-settings=\"{&quot;jet_parallax_layout_list&quot;:[]}\">\n\t\t\t\t\t<div class=\"e-con-inner\">\n\t\t<div class=\"elementor-element elementor-element-26bba14 e-con-full e-flex e-con e-child\" data-id=\"26bba14\" data-element_type=\"container\" data-e-type=\"container\" data-settings=\"{&quot;jet_parallax_layout_list&quot;:[]}\">\n\t\t<div class=\"elementor-element elementor-element-9639725 e-con-full e-flex e-con e-child\" data-id=\"9639725\" data-element_type=\"container\" data-e-type=\"container\" data-settings=\"{&quot;jet_parallax_layout_list&quot;:[]}\">\n\t\t\t\t<div class=\"elementor-element elementor-element-740c5f8 elementor-widget elementor-widget-image\" data-id=\"740c5f8\" data-element_type=\"widget\" data-e-type=\"widget\" data-widget_type=\"image.default\">\n\t\t\t\t<div class=\"elementor-widget-container\">\n\t\t\t\t\t\t\t\t\t\t\t\t\t\t\t<img decoding=\"async\" width=\"126\" height=\"12\" src=\"https:\/\/www.sistemab.org\/wp-content\/uploads\/2024\/12\/vector-2.png\" class=\"attachment-full size-full wp-image-434\" alt=\"\" srcset=\"https:\/\/www.sistemab.org\/wp-content\/uploads\/2024\/12\/vector-2.png 126w, https:\/\/www.sistemab.org\/wp-content\/uploads\/2024\/12\/vector-2-18x2.png 18w\" sizes=\"(max-width: 126px) 100vw, 126px\" \/>\t\t\t\t\t\t\t\t\t\t\t\t\t\t\t<\/div>\n\t\t\t\t<\/div>\n\t\t\t\t<div class=\"elementor-element elementor-element-bffbaeb elementor-widget__width-inherit elementor-invisible elementor-widget elementor-widget-heading\" data-id=\"bffbaeb\" data-element_type=\"widget\" data-e-type=\"widget\" data-settings=\"{&quot;_animation&quot;:&quot;fadeInLeft&quot;}\" data-widget_type=\"heading.default\">\n\t\t\t\t<div class=\"elementor-widget-container\">\n\t\t\t\t\t<h2 class=\"elementor-heading-title elementor-size-default\">Avalia\u00e7\u00e3o de Impacto B<\/h2>\t\t\t\t<\/div>\n\t\t\t\t<\/div>\n\t\t\t\t<div class=\"elementor-element elementor-element-cc787e0 elementor-widget__width-initial elementor-invisible elementor-widget elementor-widget-text-editor\" data-id=\"cc787e0\" data-element_type=\"widget\" data-e-type=\"widget\" data-settings=\"{&quot;_animation&quot;:&quot;fadeInLeft&quot;,&quot;_animation_delay&quot;:200}\" data-widget_type=\"text-editor.default\">\n\t\t\t\t<div class=\"elementor-widget-container\">\n\t\t\t\t\t\t\t\t\t<p>O <a href=\"https:\/\/app.bimpactassessment.net\/login\" target=\"_blank\" rel=\"noopener\"><u>Avalia\u00e7\u00e3o de Impacto B\u2122<\/u><\/a>, tamb\u00e9m conhecido como B Impact Assessment\u2122, \u00e9 uma ferramenta gratuita de medi\u00e7\u00e3o e gerenciamento de impacto usada por mais de 280.000 empresas em todo o mundo para melhorar seu desempenho social e ambiental.<\/p>\t\t\t\t\t\t\t\t<\/div>\n\t\t\t\t<\/div>\n\t\t\t\t<div class=\"elementor-element elementor-element-d53bc1b elementor-widget elementor-widget-button\" data-id=\"d53bc1b\" data-element_type=\"widget\" data-e-type=\"widget\" data-widget_type=\"button.default\">\n\t\t\t\t<div class=\"elementor-widget-container\">\n\t\t\t\t\t\t\t\t\t<div class=\"elementor-button-wrapper\">\n\t\t\t\t\t<a class=\"elementor-button elementor-button-link elementor-size-sm elementor-animation-float\" href=\"https:\/\/app.bimpactassessment.net\/login\" target=\"_blank\" rel=\"noopener\">\n\t\t\t\t\t\t<span class=\"elementor-button-content-wrapper\">\n\t\t\t\t\t\t\t\t\t<span class=\"elementor-button-text\">Gerenciando o impacto da minha empresa<\/span>\n\t\t\t\t\t<\/span>\n\t\t\t\t\t<\/a>\n\t\t\t\t<\/div>\n\t\t\t\t\t\t\t\t<\/div>\n\t\t\t\t<\/div>\n\t\t\t\t<\/div>\n\t\t<div class=\"elementor-element elementor-element-ba006f9 e-con-full e-flex e-con e-child\" data-id=\"ba006f9\" data-element_type=\"container\" data-e-type=\"container\" data-settings=\"{&quot;jet_parallax_layout_list&quot;:[]}\">\n\t\t\t\t<div class=\"elementor-element elementor-element-07dc68e elementor-widget elementor-widget-image\" data-id=\"07dc68e\" data-element_type=\"widget\" data-e-type=\"widget\" data-widget_type=\"image.default\">\n\t\t\t\t<div class=\"elementor-widget-container\">\n\t\t\t\t\t\t\t\t\t\t\t\t\t\t\t<img fetchpriority=\"high\" decoding=\"async\" width=\"800\" height=\"560\" src=\"https:\/\/www.sistemab.org\/wp-content\/uploads\/2025\/02\/FotoLogo_EIB-1024x717.png\" class=\"attachment-large size-large wp-image-4235\" alt=\"\" srcset=\"https:\/\/www.sistemab.org\/wp-content\/uploads\/2025\/02\/FotoLogo_EIB-1024x717.png 1024w, https:\/\/www.sistemab.org\/wp-content\/uploads\/2025\/02\/FotoLogo_EIB-300x210.png 300w, https:\/\/www.sistemab.org\/wp-content\/uploads\/2025\/02\/FotoLogo_EIB-768x538.png 768w, https:\/\/www.sistemab.org\/wp-content\/uploads\/2025\/02\/FotoLogo_EIB-1536x1075.png 1536w, https:\/\/www.sistemab.org\/wp-content\/uploads\/2025\/02\/FotoLogo_EIB-18x12.png 18w, https:\/\/www.sistemab.org\/wp-content\/uploads\/2025\/02\/FotoLogo_EIB.png 1900w\" sizes=\"(max-width: 800px) 100vw, 800px\" \/>\t\t\t\t\t\t\t\t\t\t\t\t\t\t\t<\/div>\n\t\t\t\t<\/div>\n\t\t\t\t<\/div>\n\t\t\t\t<\/div>\n\t\t\t\t\t<\/div>\n\t\t\t\t<\/div>\n\t\t<div class=\"elementor-element elementor-element-d247e18 e-flex e-con-boxed e-con e-parent\" data-id=\"d247e18\" data-element_type=\"container\" data-e-type=\"container\" data-settings=\"{&quot;jet_parallax_layout_list&quot;:[]}\">\n\t\t\t\t\t<div class=\"e-con-inner\">\n\t\t<div class=\"elementor-element elementor-element-a434021 e-con-full e-flex elementor-invisible e-con e-child\" data-id=\"a434021\" data-element_type=\"container\" data-e-type=\"container\" data-settings=\"{&quot;background_background&quot;:&quot;classic&quot;,&quot;jet_parallax_layout_list&quot;:[],&quot;animation&quot;:&quot;fadeInRight&quot;}\">\n\t\t\t\t<div class=\"elementor-element elementor-element-04896e8 elementor-invisible elementor-widget elementor-widget-image\" data-id=\"04896e8\" data-element_type=\"widget\" data-e-type=\"widget\" data-settings=\"{&quot;_animation&quot;:&quot;fadeInLeft&quot;}\" data-widget_type=\"image.default\">\n\t\t\t\t<div class=\"elementor-widget-container\">\n\t\t\t\t\t\t\t\t\t\t\t\t\t\t\t<img decoding=\"async\" width=\"800\" height=\"752\" src=\"https:\/\/www.sistemab.org\/wp-content\/uploads\/2025\/01\/ESP-Empresa-B-A-reas-de-Impacto-1024x962.png\" class=\"attachment-large size-large wp-image-1504\" alt=\"\" srcset=\"https:\/\/www.sistemab.org\/wp-content\/uploads\/2025\/01\/ESP-Empresa-B-A-reas-de-Impacto-1024x962.png 1024w, https:\/\/www.sistemab.org\/wp-content\/uploads\/2025\/01\/ESP-Empresa-B-A-reas-de-Impacto-300x282.png 300w, https:\/\/www.sistemab.org\/wp-content\/uploads\/2025\/01\/ESP-Empresa-B-A-reas-de-Impacto-768x721.png 768w, https:\/\/www.sistemab.org\/wp-content\/uploads\/2025\/01\/ESP-Empresa-B-A-reas-de-Impacto-13x12.png 13w, https:\/\/www.sistemab.org\/wp-content\/uploads\/2025\/01\/ESP-Empresa-B-A-reas-de-Impacto.png 1197w\" sizes=\"(max-width: 800px) 100vw, 800px\" \/>\t\t\t\t\t\t\t\t\t\t\t\t\t\t\t<\/div>\n\t\t\t\t<\/div>\n\t\t\t\t<\/div>\n\t\t<div class=\"elementor-element elementor-element-5b607bf e-con-full e-flex e-con e-child\" data-id=\"5b607bf\" data-element_type=\"container\" data-e-type=\"container\" data-settings=\"{&quot;jet_parallax_layout_list&quot;:[]}\">\n\t\t\t\t<div class=\"elementor-element elementor-element-52b42bb elementor-invisible elementor-widget elementor-widget-image\" data-id=\"52b42bb\" data-element_type=\"widget\" data-e-type=\"widget\" data-settings=\"{&quot;_animation&quot;:&quot;fadeInLeft&quot;,&quot;_animation_delay&quot;:200}\" data-widget_type=\"image.default\">\n\t\t\t\t<div class=\"elementor-widget-container\">\n\t\t\t\t\t\t\t\t\t\t\t\t\t\t\t<img decoding=\"async\" width=\"126\" height=\"12\" src=\"https:\/\/www.sistemab.org\/wp-content\/uploads\/2024\/12\/vector-2.png\" class=\"attachment-full size-full wp-image-434\" alt=\"\" srcset=\"https:\/\/www.sistemab.org\/wp-content\/uploads\/2024\/12\/vector-2.png 126w, https:\/\/www.sistemab.org\/wp-content\/uploads\/2024\/12\/vector-2-18x2.png 18w\" sizes=\"(max-width: 126px) 100vw, 126px\" \/>\t\t\t\t\t\t\t\t\t\t\t\t\t\t\t<\/div>\n\t\t\t\t<\/div>\n\t\t\t\t<div class=\"elementor-element elementor-element-670fe6d elementor-widget__width-inherit elementor-invisible elementor-widget elementor-widget-heading\" data-id=\"670fe6d\" data-element_type=\"widget\" data-e-type=\"widget\" data-settings=\"{&quot;_animation&quot;:&quot;fadeInRight&quot;}\" data-widget_type=\"heading.default\">\n\t\t\t\t<div class=\"elementor-widget-container\">\n\t\t\t\t\t<h2 class=\"elementor-heading-title elementor-size-default\">Em que ele consiste?<\/h2>\t\t\t\t<\/div>\n\t\t\t\t<\/div>\n\t\t\t\t<div class=\"elementor-element elementor-element-c91487f elementor-widget__width-initial elementor-invisible elementor-widget elementor-widget-text-editor\" data-id=\"c91487f\" data-element_type=\"widget\" data-e-type=\"widget\" data-settings=\"{&quot;_animation&quot;:&quot;fadeInRight&quot;,&quot;_animation_delay&quot;:200}\" data-widget_type=\"text-editor.default\">\n\t\t\t\t<div class=\"elementor-widget-container\">\n\t\t\t\t\t\t\t\t\t<p>\u00c9 uma solu\u00e7\u00e3o abrangente de gerenciamento interno alinhada com os Objetivos de Desenvolvimento Sustent\u00e1vel e outros padr\u00f5es internacionais de sustentabilidade. Oferece um diagn\u00f3stico do desempenho social e ambiental da empresa, a identifica\u00e7\u00e3o de \u00e1reas de melhoria, uma compara\u00e7\u00e3o com outras empresas do mesmo setor, tamanho e pa\u00eds e \u00e9 um apoio na tomada de decis\u00f5es estrat\u00e9gicas de impacto.<\/p><p>Ele realiza um diagn\u00f3stico abrangente da situa\u00e7\u00e3o da empresa com rela\u00e7\u00e3o ao seu impacto socioambiental em todas as \u00e1reas de influ\u00eancia: <strong>governan\u00e7a, funcion\u00e1rios, meio ambiente, clientes e comunidade<\/strong>, Ele tamb\u00e9m permite ver como o modelo de neg\u00f3cios da empresa est\u00e1 gerando um impacto social e\/ou ambiental mensur\u00e1vel.<\/p>\t\t\t\t\t\t\t\t<\/div>\n\t\t\t\t<\/div>\n\t\t\t\t<div class=\"elementor-element elementor-element-a8b88ec elementor-position-inline-start elementor-view-default elementor-mobile-position-block-start elementor-widget elementor-widget-icon-box\" data-id=\"a8b88ec\" data-element_type=\"widget\" data-e-type=\"widget\" data-widget_type=\"icon-box.default\">\n\t\t\t\t<div class=\"elementor-widget-container\">\n\t\t\t\t\t\t\t<div class=\"elementor-icon-box-wrapper\">\n\n\t\t\t\t\t\t<div class=\"elementor-icon-box-icon\">\n\t\t\t\t<span  class=\"elementor-icon\">\n\t\t\t\t<svg xmlns=\"http:\/\/www.w3.org\/2000\/svg\" width=\"24\" height=\"24\" viewbox=\"0 0 24 24\" fill=\"none\"><path d=\"M12 22C17.5228 22 22 17.5228 22 12C22 6.47715 17.5228 2 12 2C6.47715 2 2 6.47715 2 12C2 17.5228 6.47715 22 12 22Z\" stroke=\"#333333\" stroke-width=\"2\" stroke-linecap=\"round\" stroke-linejoin=\"round\"><\/path><path d=\"M12 8V12\" stroke=\"#333333\" stroke-width=\"2\" stroke-linecap=\"round\" stroke-linejoin=\"round\"><\/path><path d=\"M12 16H12.01\" stroke=\"#333333\" stroke-width=\"2\" stroke-linecap=\"round\" stroke-linejoin=\"round\"><\/path><\/svg>\t\t\t\t<\/span>\n\t\t\t<\/div>\n\t\t\t\n\t\t\t\t\t\t<div class=\"elementor-icon-box-content\">\n\n\t\t\t\t\t\t\t\t\t<h3 class=\"elementor-icon-box-title\">\n\t\t\t\t\t\t<span  >\n\t\t\t\t\t\t\tH\u00e1 78 vers\u00f5es da avalia\u00e7\u00e3o, pois ela \u00e9 adaptada ao tamanho e ao setor de cada empresa.\t\t\t\t\t\t<\/span>\n\t\t\t\t\t<\/h3>\n\t\t\t\t\n\t\t\t\t\n\t\t\t<\/div>\n\t\t\t\n\t\t<\/div>\n\t\t\t\t\t\t<\/div>\n\t\t\t\t<\/div>\n\t\t\t\t<\/div>\n\t\t\t\t\t<\/div>\n\t\t\t\t<\/div>\n\t\t<div class=\"elementor-element elementor-element-874abdd elementor-hidden-desktop elementor-hidden-tablet elementor-hidden-mobile e-flex e-con-boxed e-con e-parent\" data-id=\"874abdd\" data-element_type=\"container\" data-e-type=\"container\" data-settings=\"{&quot;jet_parallax_layout_list&quot;:[]}\">\n\t\t\t\t\t<div class=\"e-con-inner\">\n\t\t<div class=\"elementor-element elementor-element-92cb0e9 e-grid e-con-full e-con e-child\" data-id=\"92cb0e9\" data-element_type=\"container\" data-e-type=\"container\" data-settings=\"{&quot;background_background&quot;:&quot;classic&quot;,&quot;jet_parallax_layout_list&quot;:[]}\">\n\t\t<div class=\"elementor-element elementor-element-63e616e e-con-full e-flex e-con e-child\" data-id=\"63e616e\" data-element_type=\"container\" data-e-type=\"container\" data-settings=\"{&quot;jet_parallax_layout_list&quot;:[]}\">\n\t\t\t\t<div class=\"elementor-element elementor-element-2b8a57b elementor-widget elementor-widget-heading\" data-id=\"2b8a57b\" data-element_type=\"widget\" data-e-type=\"widget\" data-widget_type=\"heading.default\">\n\t\t\t\t<div class=\"elementor-widget-container\">\n\t\t\t\t\t<h2 class=\"elementor-heading-title elementor-size-default\">Avalia\u00e7\u00e3o de impacto B em compara\u00e7\u00e3o com outras ferramentas<\/h2>\t\t\t\t<\/div>\n\t\t\t\t<\/div>\n\t\t\t\t<div class=\"elementor-element elementor-element-2ea3aec elementor-widget elementor-widget-button\" data-id=\"2ea3aec\" data-element_type=\"widget\" data-e-type=\"widget\" data-widget_type=\"button.default\">\n\t\t\t\t<div class=\"elementor-widget-container\">\n\t\t\t\t\t\t\t\t\t<div class=\"elementor-button-wrapper\">\n\t\t\t\t\t<a class=\"elementor-button elementor-button-link elementor-size-sm elementor-animation-float\" href=\"https:\/\/drive.google.com\/file\/d\/1e7ReSvYiukhqqK8AWonnLGoGBsbMcNe6\/view\" target=\"_blank\" rel=\"noopener\">\n\t\t\t\t\t\t<span class=\"elementor-button-content-wrapper\">\n\t\t\t\t\t\t<span class=\"elementor-button-icon\">\n\t\t\t\t<svg xmlns=\"http:\/\/www.w3.org\/2000\/svg\" width=\"22\" height=\"19\" viewbox=\"0 0 22 19\" fill=\"none\"><path d=\"M11.9941 0.440918L20.692 9.13879L11.9941 17.8367\" stroke=\"white\"><\/path><path d=\"M0.811523 9.1391H20.6924\" stroke=\"white\"><\/path><\/svg>\t\t\t<\/span>\n\t\t\t\t\t\t\t\t\t<span class=\"elementor-button-text\">Ver compara\u00e7\u00e3o<\/span>\n\t\t\t\t\t<\/span>\n\t\t\t\t\t<\/a>\n\t\t\t\t<\/div>\n\t\t\t\t\t\t\t\t<\/div>\n\t\t\t\t<\/div>\n\t\t\t\t<\/div>\n\t\t<div class=\"elementor-element elementor-element-99294b3 e-grid e-con-full e-con e-child\" data-id=\"99294b3\" data-element_type=\"container\" data-e-type=\"container\" data-settings=\"{&quot;jet_parallax_layout_list&quot;:[]}\">\n\t\t<div class=\"elementor-element elementor-element-659f29a e-con-full e-flex e-con e-child\" data-id=\"659f29a\" data-element_type=\"container\" data-e-type=\"container\" data-settings=\"{&quot;jet_parallax_layout_list&quot;:[]}\">\n\t\t\t\t<div class=\"elementor-element elementor-element-773aa91 elementor-cta--skin-cover elementor-animated-content elementor-bg-transform elementor-bg-transform-zoom-in elementor-invisible elementor-widget elementor-widget-call-to-action\" data-id=\"773aa91\" data-element_type=\"widget\" data-e-type=\"widget\" data-settings=\"{&quot;_animation&quot;:&quot;zoomIn&quot;,&quot;_animation_delay&quot;:200}\" data-widget_type=\"call-to-action.default\">\n\t\t\t\t<div class=\"elementor-widget-container\">\n\t\t\t\t\t\t\t<div class=\"elementor-cta\">\n\t\t\t\t\t<div class=\"elementor-cta__bg-wrapper\">\n\t\t\t\t<div class=\"elementor-cta__bg elementor-bg\" style=\"background-image: url(https:\/\/www.sistemab.org\/wp-content\/uploads\/2025\/02\/Sistema-B-Monterrey-2023-Dia-02-Barracofilms-123edit.jpg);\" role=\"img\" aria-label=\"Sistema B - Monterrey 2023 Dia 02 - Barracofilms-123+edi\u00e7\u00e3o\"><\/div>\n\t\t\t\t<div class=\"elementor-cta__bg-overlay\"><\/div>\n\t\t\t<\/div>\n\t\t\t\t\t\t\t<div class=\"elementor-cta__content\">\n\t\t\t\t\n\t\t\t\t\n\t\t\t\t\n\t\t\t\t\t\t\t<\/div>\n\t\t\t\t\t\t<\/div>\n\t\t\t\t\t\t<\/div>\n\t\t\t\t<\/div>\n\t\t\t\t<div class=\"elementor-element elementor-element-c73701a elementor-absolute elementor-hidden-tablet elementor-hidden-mobile elementor-widget elementor-widget-image\" data-id=\"c73701a\" data-element_type=\"widget\" data-e-type=\"widget\" data-settings=\"{&quot;_position&quot;:&quot;absolute&quot;}\" data-widget_type=\"image.default\">\n\t\t\t\t<div class=\"elementor-widget-container\">\n\t\t\t\t\t\t\t\t\t\t\t\t\t\t\t<img loading=\"lazy\" decoding=\"async\" width=\"227\" height=\"161\" src=\"https:\/\/www.sistemab.org\/wp-content\/uploads\/2024\/12\/vector.png\" class=\"attachment-full size-full wp-image-337\" alt=\"\" srcset=\"https:\/\/www.sistemab.org\/wp-content\/uploads\/2024\/12\/vector.png 227w, https:\/\/www.sistemab.org\/wp-content\/uploads\/2024\/12\/vector-18x12.png 18w\" sizes=\"(max-width: 227px) 100vw, 227px\" \/>\t\t\t\t\t\t\t\t\t\t\t\t\t\t\t<\/div>\n\t\t\t\t<\/div>\n\t\t\t\t<\/div>\n\t\t<div class=\"elementor-element elementor-element-41274fe e-con-full e-flex e-con e-child\" data-id=\"41274fe\" data-element_type=\"container\" data-e-type=\"container\" data-settings=\"{&quot;jet_parallax_layout_list&quot;:[]}\">\n\t\t\t\t<div class=\"elementor-element elementor-element-686887d elementor-cta--skin-cover elementor-animated-content elementor-bg-transform elementor-bg-transform-zoom-in elementor-invisible elementor-widget elementor-widget-call-to-action\" data-id=\"686887d\" data-element_type=\"widget\" data-e-type=\"widget\" data-settings=\"{&quot;_animation&quot;:&quot;zoomIn&quot;,&quot;_animation_delay&quot;:200}\" data-widget_type=\"call-to-action.default\">\n\t\t\t\t<div class=\"elementor-widget-container\">\n\t\t\t\t\t\t\t<div class=\"elementor-cta\">\n\t\t\t\t\t<div class=\"elementor-cta__bg-wrapper\">\n\t\t\t\t<div class=\"elementor-cta__bg elementor-bg\" style=\"background-image: url(https:\/\/www.sistemab.org\/wp-content\/uploads\/2025\/02\/Sistema-B-Monterrey-2023-Dia-02-Barracofilms-41edit.jpg);\" role=\"img\" aria-label=\"Sistema B - Monterrey 2023 Dia 02 - Barracofilms-41+edit\"><\/div>\n\t\t\t\t<div class=\"elementor-cta__bg-overlay\"><\/div>\n\t\t\t<\/div>\n\t\t\t\t\t\t\t<div class=\"elementor-cta__content\">\n\t\t\t\t\n\t\t\t\t\n\t\t\t\t\n\t\t\t\t\t\t\t<\/div>\n\t\t\t\t\t\t<\/div>\n\t\t\t\t\t\t<\/div>\n\t\t\t\t<\/div>\n\t\t\t\t<\/div>\n\t\t\t\t<\/div>\n\t\t\t\t<\/div>\n\t\t\t\t\t<\/div>\n\t\t\t\t<\/div>\n\t\t\t\t<\/div>","protected":false},"excerpt":{"rendered":"<p>Evaluaci\u00f3n de Impacto B Gestiona el impacto de tu empresa con la Evaluaci\u00f3n de Impacto B&#x2122; Para emprender el camino de la gesti\u00f3n del impacto, es necesario que las empresas midan su huella ambiental y social con el mismo rigor con el que gestionan sus indicadores financieros, desde una perspectiva integral y considerando el impacto [&hellip;]<\/p>\n","protected":false},"author":1,"featured_media":0,"parent":0,"menu_order":0,"comment_status":"closed","ping_status":"closed","template":"","meta":{"footnotes":""},"class_list":["post-1462","page","type-page","status-publish","hentry"],"_links":{"self":[{"href":"https:\/\/www.sistemab.org\/pt\/wp-json\/wp\/v2\/pages\/1462","targetHints":{"allow":["GET"]}}],"collection":[{"href":"https:\/\/www.sistemab.org\/pt\/wp-json\/wp\/v2\/pages"}],"about":[{"href":"https:\/\/www.sistemab.org\/pt\/wp-json\/wp\/v2\/types\/page"}],"author":[{"embeddable":true,"href":"https:\/\/www.sistemab.org\/pt\/wp-json\/wp\/v2\/users\/1"}],"replies":[{"embeddable":true,"href":"https:\/\/www.sistemab.org\/pt\/wp-json\/wp\/v2\/comments?post=1462"}],"version-history":[{"count":10,"href":"https:\/\/www.sistemab.org\/pt\/wp-json\/wp\/v2\/pages\/1462\/revisions"}],"predecessor-version":[{"id":9645,"href":"https:\/\/www.sistemab.org\/pt\/wp-json\/wp\/v2\/pages\/1462\/revisions\/9645"}],"wp:attachment":[{"href":"https:\/\/www.sistemab.org\/pt\/wp-json\/wp\/v2\/media?parent=1462"}],"curies":[{"name":"wp","href":"https:\/\/api.w.org\/{rel}","templated":true}]}}